{"id":448,"date":"2023-02-07T08:48:10","date_gmt":"2023-02-07T08:48:10","guid":{"rendered":"http:\/\/www.ckcraftandknit.com\/?post_type=product&#038;p=448"},"modified":"2026-01-03T14:12:14","modified_gmt":"2026-01-03T14:12:14","slug":"tkb-needle-case-big","status":"publish","type":"product","link":"https:\/\/www.ckcraftandknit.com\/fi\/produkt\/tkb-needle-case-big\/","title":{"rendered":"TKB &#8211; Needle Case Big"},"content":{"rendered":"<p>Saatavilla kaksi eri mallia, yksi py\u00f6r\u00f6puikkoja varten ja toinen sek\u00e4 py\u00f6r\u00f6puikoille ett\u00e4 sukkapuikolle.\n\nKaikki puikkosi eiv\u00e4t ehk\u00e4 mahdu kerralla t\u00e4h\u00e4n koteloon, mutta ylellinen kotelo on k\u00e4tev\u00e4 apu esim. matkoilla.<br \/>\nNahka on luonnonmateriaali, jonka ulkon\u00e4k\u00f6 voi vaihdella hieman tuotteesta riippuen. Kaikki nahkatuotteemme ovat k\u00e4sintehtyj\u00e4, joten ne saattavat poiketa hieman kuvassa esitetyist\u00e4.<br \/>\nn\u00e5got fr\u00e5n bilderna.<br \/>\nNahka pehmenee ajan my\u00f6t\u00e4 ja n\u00e4ytt\u00e4\u00e4 alati paremmalta mit\u00e4 enemm\u00e4n k\u00e4yt\u00e4t sit\u00e4.<\/p>\n<p>\u2013<\/p>\n<p><strong>Circular case\u00a0<\/strong>K\u00e4sintehty, korkealaatuinen puikkokotelo aidosta nahasta. 4 taskua py\u00f6r\u00f6puikoille. Kotelon taskut on sijoitettu kaksi ja kaksi. Nepparilla varustettu hihna pit\u00e4\u00e4 neulat paikoillaan kuljetuksen aikana. Kotelossa on lasermerkitty logo ja kaksi nepparia.<br \/>\nlasergraverad logo och tv\u00e5 kn\u00e4ppen.<br \/>\nKoko avattuna: 23 cm * 34 cm<br \/>\nKoko suljettuna: 14 cm * 23 cm<br \/>\nTaskujen mitat: 2 x 12 cm * 14,5 cm ja12 cm * 17,5 cm<br \/>\nSuunnittelija Knitting Barber, Jojo Stolpe<br \/>\nK\u00e4sintehty Liettuassa<\/p>\n<p>\u2013<\/p>\n<p class=\"translation-block\">Mix case - K\u00e4sintehty, korkealaatuinen puikkokotelo aidosta nahasta. 2 taskua py\u00f6r\u00f6puikoille. Mukaan mahtuu v\u00e4hint\u00e4\u00e4n 6 py\u00f6r\u00f6puikkoa niiden koosta riippuen. Py\u00f6re\u00e4t puikkotaskut on sijoitettu vasemmalle puolelle ja oikealla puolella on kolme pient\u00e4 taskua, jotka sopivat sukkapuikoille tai virkkuukoukuille. Kotelossa on lasermerkitty logo ja kaksi nepparia.Koko avattuna: 23 cm * 34 cm<\/p>\n<p class=\"translation-block\">Koko suljettuna: 14 cm * 23 cm\n\nTaskun koko: 12 cm * 14,5 cm ja 12 cm * 17,5 cm\n\nTaskut suorille puikoille: 3 x 3,5 cm * 14,5 cm\n\nSuunnittelija Knitting Barber, Jojo Stolpe\n\nK\u00e4sintehty Liettuassa<\/p>","protected":false},"excerpt":{"rendered":"<p>K\u00e4sintehty, korkealaatuinen puikkokotelo aidosta  nahasta<\/p>","protected":false},"featured_media":473,"template":"","meta":{"ocean_post_layout":"","ocean_both_sidebars_style":"","ocean_both_sidebars_content_width":0,"ocean_both_sidebars_sidebars_width":0,"ocean_sidebar":"0","ocean_second_sidebar":"0","ocean_disable_margins":"enable","ocean_add_body_class":"","ocean_shortcode_before_top_bar":"","ocean_shortcode_after_top_bar":"","ocean_shortcode_before_header":"","ocean_shortcode_after_header":"","ocean_has_shortcode":"","ocean_shortcode_after_title":"","ocean_shortcode_before_footer_widgets":"","ocean_shortcode_after_footer_widgets":"","ocean_shortcode_before_footer_bottom":"","ocean_shortcode_after_footer_bottom":"","ocean_display_top_bar":"default","ocean_display_header":"default","ocean_header_style":"","ocean_center_header_left_menu":"0","ocean_custom_header_template":"0","ocean_custom_logo":0,"ocean_custom_retina_logo":0,"ocean_custom_logo_max_width":0,"ocean_custom_logo_tablet_max_width":0,"ocean_custom_logo_mobile_max_width":0,"ocean_custom_logo_max_height":0,"ocean_custom_logo_tablet_max_height":0,"ocean_custom_logo_mobile_max_height":0,"ocean_header_custom_menu":"0","ocean_menu_typo_font_family":"0","ocean_menu_typo_font_subset":"","ocean_menu_typo_font_size":0,"ocean_menu_typo_font_size_tablet":0,"ocean_menu_typo_font_size_mobile":0,"ocean_menu_typo_font_size_unit":"px","ocean_menu_typo_font_weight":"","ocean_menu_typo_font_weight_tablet":"","ocean_menu_typo_font_weight_mobile":"","ocean_menu_typo_transform":"","ocean_menu_typo_transform_tablet":"","ocean_menu_typo_transform_mobile":"","ocean_menu_typo_line_height":0,"ocean_menu_typo_line_height_tablet":0,"ocean_menu_typo_line_height_mobile":0,"ocean_menu_typo_line_height_unit":"","ocean_menu_typo_spacing":0,"ocean_menu_typo_spacing_tablet":0,"ocean_menu_typo_spacing_mobile":0,"ocean_menu_typo_spacing_unit":"","ocean_menu_link_color":"","ocean_menu_link_color_hover":"","ocean_menu_link_color_active":"","ocean_menu_link_background":"","ocean_menu_link_hover_background":"","ocean_menu_link_active_background":"","ocean_menu_social_links_bg":"","ocean_menu_social_hover_links_bg":"","ocean_menu_social_links_color":"","ocean_menu_social_hover_links_color":"","ocean_disable_title":"default","ocean_disable_heading":"default","ocean_post_title":"","ocean_post_subheading":"","ocean_post_title_style":"","ocean_post_title_background_color":"","ocean_post_title_background":0,"ocean_post_title_bg_image_position":"","ocean_post_title_bg_image_attachment":"","ocean_post_title_bg_image_repeat":"","ocean_post_title_bg_image_size":"","ocean_post_title_height":0,"ocean_post_title_bg_overlay":0.5,"ocean_post_title_bg_overlay_color":"","ocean_disable_breadcrumbs":"default","ocean_breadcrumbs_color":"","ocean_breadcrumbs_separator_color":"","ocean_breadcrumbs_links_color":"","ocean_breadcrumbs_links_hover_color":"","ocean_display_footer_widgets":"default","ocean_display_footer_bottom":"default","ocean_custom_footer_template":"0","omw_enable_modal_window":"enable"},"product_brand":[],"product_cat":[29],"product_tag":[],"class_list":{"0":"post-448","1":"product","2":"type-product","3":"status-publish","4":"has-post-thumbnail","6":"product_cat-tkb-produkter","8":"entry","9":"has-media","11":"first","12":"instock","13":"taxable","14":"shipping-taxable","15":"purchasable","16":"product-type-variable","17":"has-product-nav","18":"col","19":"span_1_of_3","20":"owp-content-center","21":"owp-thumbs-layout-horizontal","22":"owp-btn-normal","23":"owp-tabs-layout-horizontal"},"yoast_head":"<!-- This site is optimized with the Yoast SEO plugin v27.5 - https:\/\/yoast.com\/product\/yoast-seo-wordpress\/ -->\n<title>TKB - Needle Case Big - Ck Craftandknit<\/title>\n<meta name=\"robots\" content=\"index, follow, max-snippet:-1, max-image-preview:large, max-video-preview:-1\" \/>\n<link rel=\"canonical\" href=\"https:\/\/www.ckcraftandknit.com\/fi\/tuote\/tkb-needle-case-big\/\" \/>\n<meta property=\"og:locale\" content=\"fi_FI\" \/>\n<meta property=\"og:type\" content=\"article\" \/>\n<meta property=\"og:title\" content=\"TKB - Needle Case Big - Ck Craftandknit\" \/>\n<meta property=\"og:description\" content=\"Handgjort stickfodral i \u00e4kta l\u00e4der av h\u00f6g kvalitet\" \/>\n<meta property=\"og:url\" content=\"https:\/\/www.ckcraftandknit.com\/fi\/tuote\/tkb-needle-case-big\/\" \/>\n<meta property=\"og:site_name\" content=\"Ck Craftandknit\" \/>\n<meta property=\"article:modified_time\" content=\"2026-01-03T14:12:14+00:00\" \/>\n<meta property=\"og:image\" content=\"https:\/\/www.ckcraftandknit.com\/wp-content\/uploads\/2023\/02\/TKB_toolbag2-1463x2048-1.jpg\" \/>\n\t<meta property=\"og:image:width\" content=\"1463\" \/>\n\t<meta property=\"og:image:height\" content=\"2048\" \/>\n\t<meta property=\"og:image:type\" content=\"image\/jpeg\" \/>\n<meta name=\"twitter:card\" content=\"summary_large_image\" \/>\n<meta name=\"twitter:label1\" content=\"Arvioitu lukuaika\" \/>\n\t<meta name=\"twitter:data1\" content=\"2 minuuttia\" \/>\n<script type=\"application\/ld+json\" class=\"yoast-schema-graph\">{\"@context\":\"https:\\\/\\\/schema.org\",\"@graph\":[{\"@type\":\"WebPage\",\"@id\":\"https:\\\/\\\/www.ckcraftandknit.com\\\/produkt\\\/tkb-needle-case-big\\\/\",\"url\":\"https:\\\/\\\/www.ckcraftandknit.com\\\/produkt\\\/tkb-needle-case-big\\\/\",\"name\":\"TKB - Needle Case Big - Ck Craftandknit\",\"isPartOf\":{\"@id\":\"https:\\\/\\\/www.ckcraftandknit.com\\\/#website\"},\"primaryImageOfPage\":{\"@id\":\"https:\\\/\\\/www.ckcraftandknit.com\\\/produkt\\\/tkb-needle-case-big\\\/#primaryimage\"},\"image\":{\"@id\":\"https:\\\/\\\/www.ckcraftandknit.com\\\/produkt\\\/tkb-needle-case-big\\\/#primaryimage\"},\"thumbnailUrl\":\"https:\\\/\\\/www.ckcraftandknit.com\\\/wp-content\\\/uploads\\\/2023\\\/02\\\/TKB_toolbag2-1463x2048-1.jpg\",\"datePublished\":\"2023-02-07T08:48:10+00:00\",\"dateModified\":\"2026-01-03T14:12:14+00:00\",\"breadcrumb\":{\"@id\":\"https:\\\/\\\/www.ckcraftandknit.com\\\/produkt\\\/tkb-needle-case-big\\\/#breadcrumb\"},\"inLanguage\":\"fi\",\"potentialAction\":[{\"@type\":\"ReadAction\",\"target\":[\"https:\\\/\\\/www.ckcraftandknit.com\\\/produkt\\\/tkb-needle-case-big\\\/\"]}]},{\"@type\":\"ImageObject\",\"inLanguage\":\"fi\",\"@id\":\"https:\\\/\\\/www.ckcraftandknit.com\\\/produkt\\\/tkb-needle-case-big\\\/#primaryimage\",\"url\":\"https:\\\/\\\/www.ckcraftandknit.com\\\/wp-content\\\/uploads\\\/2023\\\/02\\\/TKB_toolbag2-1463x2048-1.jpg\",\"contentUrl\":\"https:\\\/\\\/www.ckcraftandknit.com\\\/wp-content\\\/uploads\\\/2023\\\/02\\\/TKB_toolbag2-1463x2048-1.jpg\",\"width\":1463,\"height\":2048},{\"@type\":\"BreadcrumbList\",\"@id\":\"https:\\\/\\\/www.ckcraftandknit.com\\\/produkt\\\/tkb-needle-case-big\\\/#breadcrumb\",\"itemListElement\":[{\"@type\":\"ListItem\",\"position\":1,\"name\":\"Hem\",\"item\":\"https:\\\/\\\/www.ckcraftandknit.com\\\/fi\\\/\"},{\"@type\":\"ListItem\",\"position\":2,\"name\":\"Butik\",\"item\":\"https:\\\/\\\/www.ckcraftandknit.com\\\/shop\\\/\"},{\"@type\":\"ListItem\",\"position\":3,\"name\":\"TKB &#8211; Needle Case Big\"}]},{\"@type\":\"WebSite\",\"@id\":\"https:\\\/\\\/www.ckcraftandknit.com\\\/#website\",\"url\":\"https:\\\/\\\/www.ckcraftandknit.com\\\/\",\"name\":\"Ck Craftandknit\",\"description\":\"Ck Craftandknit\",\"publisher\":{\"@id\":\"https:\\\/\\\/www.ckcraftandknit.com\\\/#organization\"},\"potentialAction\":[{\"@type\":\"SearchAction\",\"target\":{\"@type\":\"EntryPoint\",\"urlTemplate\":\"https:\\\/\\\/www.ckcraftandknit.com\\\/?s={search_term_string}\"},\"query-input\":{\"@type\":\"PropertyValueSpecification\",\"valueRequired\":true,\"valueName\":\"search_term_string\"}}],\"inLanguage\":\"fi\"},{\"@type\":\"Organization\",\"@id\":\"https:\\\/\\\/www.ckcraftandknit.com\\\/#organization\",\"name\":\"Ck Craftandknit\",\"url\":\"https:\\\/\\\/www.ckcraftandknit.com\\\/\",\"logo\":{\"@type\":\"ImageObject\",\"inLanguage\":\"fi\",\"@id\":\"https:\\\/\\\/www.ckcraftandknit.com\\\/#\\\/schema\\\/logo\\\/image\\\/\",\"url\":\"https:\\\/\\\/www.ckcraftandknit.com\\\/wp-content\\\/uploads\\\/2023\\\/02\\\/cropped-3-1-e1678211144578.png\",\"contentUrl\":\"https:\\\/\\\/www.ckcraftandknit.com\\\/wp-content\\\/uploads\\\/2023\\\/02\\\/cropped-3-1-e1678211144578.png\",\"width\":500,\"height\":138,\"caption\":\"Ck Craftandknit\"},\"image\":{\"@id\":\"https:\\\/\\\/www.ckcraftandknit.com\\\/#\\\/schema\\\/logo\\\/image\\\/\"}}]}<\/script>\n<!-- \/ Yoast SEO plugin. -->","yoast_head_json":{"title":"TKB - Needle Case Big - Ck Craftandknit","robots":{"index":"index","follow":"follow","max-snippet":"max-snippet:-1","max-image-preview":"max-image-preview:large","max-video-preview":"max-video-preview:-1"},"canonical":"https:\/\/www.ckcraftandknit.com\/fi\/tuote\/tkb-needle-case-big\/","og_locale":"fi_FI","og_type":"article","og_title":"TKB - Needle Case Big - Ck Craftandknit","og_description":"Handgjort stickfodral i \u00e4kta l\u00e4der av h\u00f6g kvalitet","og_url":"https:\/\/www.ckcraftandknit.com\/fi\/tuote\/tkb-needle-case-big\/","og_site_name":"Ck Craftandknit","article_modified_time":"2026-01-03T14:12:14+00:00","og_image":[{"width":1463,"height":2048,"url":"https:\/\/www.ckcraftandknit.com\/wp-content\/uploads\/2023\/02\/TKB_toolbag2-1463x2048-1.jpg","type":"image\/jpeg"}],"twitter_card":"summary_large_image","twitter_misc":{"Arvioitu lukuaika":"2 minuuttia"},"schema":{"@context":"https:\/\/schema.org","@graph":[{"@type":"WebPage","@id":"https:\/\/www.ckcraftandknit.com\/produkt\/tkb-needle-case-big\/","url":"https:\/\/www.ckcraftandknit.com\/produkt\/tkb-needle-case-big\/","name":"TKB - Needle Case Big - Ck Craftandknit","isPartOf":{"@id":"https:\/\/www.ckcraftandknit.com\/#website"},"primaryImageOfPage":{"@id":"https:\/\/www.ckcraftandknit.com\/produkt\/tkb-needle-case-big\/#primaryimage"},"image":{"@id":"https:\/\/www.ckcraftandknit.com\/produkt\/tkb-needle-case-big\/#primaryimage"},"thumbnailUrl":"https:\/\/www.ckcraftandknit.com\/wp-content\/uploads\/2023\/02\/TKB_toolbag2-1463x2048-1.jpg","datePublished":"2023-02-07T08:48:10+00:00","dateModified":"2026-01-03T14:12:14+00:00","breadcrumb":{"@id":"https:\/\/www.ckcraftandknit.com\/produkt\/tkb-needle-case-big\/#breadcrumb"},"inLanguage":"fi","potentialAction":[{"@type":"ReadAction","target":["https:\/\/www.ckcraftandknit.com\/produkt\/tkb-needle-case-big\/"]}]},{"@type":"ImageObject","inLanguage":"fi","@id":"https:\/\/www.ckcraftandknit.com\/produkt\/tkb-needle-case-big\/#primaryimage","url":"https:\/\/www.ckcraftandknit.com\/wp-content\/uploads\/2023\/02\/TKB_toolbag2-1463x2048-1.jpg","contentUrl":"https:\/\/www.ckcraftandknit.com\/wp-content\/uploads\/2023\/02\/TKB_toolbag2-1463x2048-1.jpg","width":1463,"height":2048},{"@type":"BreadcrumbList","@id":"https:\/\/www.ckcraftandknit.com\/produkt\/tkb-needle-case-big\/#breadcrumb","itemListElement":[{"@type":"ListItem","position":1,"name":"Hem","item":"https:\/\/www.ckcraftandknit.com\/fi\/"},{"@type":"ListItem","position":2,"name":"Butik","item":"https:\/\/www.ckcraftandknit.com\/shop\/"},{"@type":"ListItem","position":3,"name":"TKB &#8211; Needle Case Big"}]},{"@type":"WebSite","@id":"https:\/\/www.ckcraftandknit.com\/#website","url":"https:\/\/www.ckcraftandknit.com\/","name":"Ck Craftandknit","description":"Ck Craftandknit","publisher":{"@id":"https:\/\/www.ckcraftandknit.com\/#organization"},"potentialAction":[{"@type":"SearchAction","target":{"@type":"EntryPoint","urlTemplate":"https:\/\/www.ckcraftandknit.com\/?s={search_term_string}"},"query-input":{"@type":"PropertyValueSpecification","valueRequired":true,"valueName":"search_term_string"}}],"inLanguage":"fi"},{"@type":"Organization","@id":"https:\/\/www.ckcraftandknit.com\/#organization","name":"Ck Craftandknit","url":"https:\/\/www.ckcraftandknit.com\/","logo":{"@type":"ImageObject","inLanguage":"fi","@id":"https:\/\/www.ckcraftandknit.com\/#\/schema\/logo\/image\/","url":"https:\/\/www.ckcraftandknit.com\/wp-content\/uploads\/2023\/02\/cropped-3-1-e1678211144578.png","contentUrl":"https:\/\/www.ckcraftandknit.com\/wp-content\/uploads\/2023\/02\/cropped-3-1-e1678211144578.png","width":500,"height":138,"caption":"Ck Craftandknit"},"image":{"@id":"https:\/\/www.ckcraftandknit.com\/#\/schema\/logo\/image\/"}}]}},"_links":{"self":[{"href":"https:\/\/www.ckcraftandknit.com\/fi\/wp-json\/wp\/v2\/product\/448","targetHints":{"allow":["GET"]}}],"collection":[{"href":"https:\/\/www.ckcraftandknit.com\/fi\/wp-json\/wp\/v2\/product"}],"about":[{"href":"https:\/\/www.ckcraftandknit.com\/fi\/wp-json\/wp\/v2\/types\/product"}],"wp:featuredmedia":[{"embeddable":true,"href":"https:\/\/www.ckcraftandknit.com\/fi\/wp-json\/wp\/v2\/media\/473"}],"wp:attachment":[{"href":"https:\/\/www.ckcraftandknit.com\/fi\/wp-json\/wp\/v2\/media?parent=448"}],"wp:term":[{"taxonomy":"product_brand","embeddable":true,"href":"https:\/\/www.ckcraftandknit.com\/fi\/wp-json\/wp\/v2\/product_brand?post=448"},{"taxonomy":"product_cat","embeddable":true,"href":"https:\/\/www.ckcraftandknit.com\/fi\/wp-json\/wp\/v2\/product_cat?post=448"},{"taxonomy":"product_tag","embeddable":true,"href":"https:\/\/www.ckcraftandknit.com\/fi\/wp-json\/wp\/v2\/product_tag?post=448"}],"curies":[{"name":"wp","href":"https:\/\/api.w.org\/{rel}","templated":true}]}}