{"id":2817,"date":"2025-04-22T11:22:56","date_gmt":"2025-04-22T11:22:56","guid":{"rendered":"https:\/\/www.ckcraftandknit.com\/?post_type=product&#038;p=2817"},"modified":"2026-01-03T13:54:40","modified_gmt":"2026-01-03T13:54:40","slug":"tkb-wool-wash","status":"publish","type":"product","link":"https:\/\/www.ckcraftandknit.com\/fi\/produkt\/tkb-wool-wash\/","title":{"rendered":"TKB &#8211;  Wool Wash"},"content":{"rendered":"<p>Pesuaine villalle, silkille ja pellavalle. Sopii k\u00e4si-ja konepesuun. 100 % luonnollisia ainesosia. Puhdistaa tekstiilit hell\u00e4varaisesti s\u00e4ilytt\u00e4en tekstiilin ominaisuudet. Pesuaine on hajuton<\/p>\n<p>Dosering:\u00a0 handtv\u00e4tt ca 20-25 ml i 10 liter vatten. Maskintv\u00e4tt 30-25 ml<\/p>\n<p>Valmistettu Suomessa<\/p>\n<p>Kahdessa koossa 500 ml ja 250 ml<\/p>","protected":false},"excerpt":{"rendered":"<p>Tv\u00e4ttmedel f\u00f6r ull, siden och linne. L\u00e4mpar sig f\u00f6r b\u00e5de hand- och maskintv\u00e4tt. 100 % naturliga ingridienser som reng\u00f6r textilier skonsamt samtidigt som det bevarar dess egenskaper. Tv\u00e4ttmedlet \u00e4r doftfritt. Dosering:\u00a0 handtv\u00e4tt ca 20-25 ml i 10 liter vatten. Maskintv\u00e4tt 30-25 ml Made in Finland Finns i tv\u00e5 storlekar 500 ml och 250 ml.<\/p>","protected":false},"featured_media":2818,"template":"","meta":{"ocean_post_layout":"","ocean_both_sidebars_style":"","ocean_both_sidebars_content_width":0,"ocean_both_sidebars_sidebars_width":0,"ocean_sidebar":"0","ocean_second_sidebar":"0","ocean_disable_margins":"enable","ocean_add_body_class":"","ocean_shortcode_before_top_bar":"","ocean_shortcode_after_top_bar":"","ocean_shortcode_before_header":"","ocean_shortcode_after_header":"","ocean_has_shortcode":"","ocean_shortcode_after_title":"","ocean_shortcode_before_footer_widgets":"","ocean_shortcode_after_footer_widgets":"","ocean_shortcode_before_footer_bottom":"","ocean_shortcode_after_footer_bottom":"","ocean_display_top_bar":"default","ocean_display_header":"default","ocean_header_style":"","ocean_center_header_left_menu":"0","ocean_custom_header_template":"0","ocean_custom_logo":0,"ocean_custom_retina_logo":0,"ocean_custom_logo_max_width":0,"ocean_custom_logo_tablet_max_width":0,"ocean_custom_logo_mobile_max_width":0,"ocean_custom_logo_max_height":0,"ocean_custom_logo_tablet_max_height":0,"ocean_custom_logo_mobile_max_height":0,"ocean_header_custom_menu":"0","ocean_menu_typo_font_family":"0","ocean_menu_typo_font_subset":"","ocean_menu_typo_font_size":0,"ocean_menu_typo_font_size_tablet":0,"ocean_menu_typo_font_size_mobile":0,"ocean_menu_typo_font_size_unit":"px","ocean_menu_typo_font_weight":"","ocean_menu_typo_font_weight_tablet":"","ocean_menu_typo_font_weight_mobile":"","ocean_menu_typo_transform":"","ocean_menu_typo_transform_tablet":"","ocean_menu_typo_transform_mobile":"","ocean_menu_typo_line_height":0,"ocean_menu_typo_line_height_tablet":0,"ocean_menu_typo_line_height_mobile":0,"ocean_menu_typo_line_height_unit":"","ocean_menu_typo_spacing":0,"ocean_menu_typo_spacing_tablet":0,"ocean_menu_typo_spacing_mobile":0,"ocean_menu_typo_spacing_unit":"","ocean_menu_link_color":"","ocean_menu_link_color_hover":"","ocean_menu_link_color_active":"","ocean_menu_link_background":"","ocean_menu_link_hover_background":"","ocean_menu_link_active_background":"","ocean_menu_social_links_bg":"","ocean_menu_social_hover_links_bg":"","ocean_menu_social_links_color":"","ocean_menu_social_hover_links_color":"","ocean_disable_title":"default","ocean_disable_heading":"default","ocean_post_title":"","ocean_post_subheading":"","ocean_post_title_style":"","ocean_post_title_background_color":"","ocean_post_title_background":0,"ocean_post_title_bg_image_position":"","ocean_post_title_bg_image_attachment":"","ocean_post_title_bg_image_repeat":"","ocean_post_title_bg_image_size":"","ocean_post_title_height":0,"ocean_post_title_bg_overlay":0.5,"ocean_post_title_bg_overlay_color":"","ocean_disable_breadcrumbs":"default","ocean_breadcrumbs_color":"","ocean_breadcrumbs_separator_color":"","ocean_breadcrumbs_links_color":"","ocean_breadcrumbs_links_hover_color":"","ocean_display_footer_widgets":"default","ocean_display_footer_bottom":"default","ocean_custom_footer_template":"0","omw_enable_modal_window":"enable"},"product_brand":[],"product_cat":[29],"product_tag":[],"class_list":{"0":"post-2817","1":"product","2":"type-product","3":"status-publish","4":"has-post-thumbnail","6":"product_cat-tkb-produkter","8":"entry","9":"has-media","11":"first","12":"instock","13":"taxable","14":"shipping-taxable","15":"purchasable","16":"product-type-variable","17":"has-product-nav","18":"col","19":"span_1_of_3","20":"owp-content-center","21":"owp-thumbs-layout-horizontal","22":"owp-btn-normal","23":"owp-tabs-layout-horizontal"},"yoast_head":"<!-- This site is optimized with the Yoast SEO plugin v27.5 - https:\/\/yoast.com\/product\/yoast-seo-wordpress\/ -->\n<title>TKB - Wool Wash - Ck Craftandknit<\/title>\n<meta name=\"robots\" content=\"index, follow, max-snippet:-1, max-image-preview:large, max-video-preview:-1\" \/>\n<link rel=\"canonical\" href=\"https:\/\/www.ckcraftandknit.com\/fi\/tuote\/tkb-wool-wash\/\" \/>\n<meta property=\"og:locale\" content=\"fi_FI\" \/>\n<meta property=\"og:type\" content=\"article\" \/>\n<meta property=\"og:title\" content=\"TKB - Wool Wash - Ck Craftandknit\" \/>\n<meta property=\"og:description\" content=\"Tv\u00e4ttmedel f\u00f6r ull, siden och linne. L\u00e4mpar sig f\u00f6r b\u00e5de hand- och maskintv\u00e4tt. 100 % naturliga ingridienser som reng\u00f6r textilier skonsamt samtidigt som det bevarar dess egenskaper. Tv\u00e4ttmedlet \u00e4r doftfritt. Dosering:\u00a0 handtv\u00e4tt ca 20-25 ml i 10 liter vatten. Maskintv\u00e4tt 30-25 ml Made in Finland Finns i tv\u00e5 storlekar 500 ml och 250 ml.\" \/>\n<meta property=\"og:url\" content=\"https:\/\/www.ckcraftandknit.com\/fi\/tuote\/tkb-wool-wash\/\" \/>\n<meta property=\"og:site_name\" content=\"Ck Craftandknit\" \/>\n<meta property=\"article:modified_time\" content=\"2026-01-03T13:54:40+00:00\" \/>\n<meta property=\"og:image\" content=\"https:\/\/www.ckcraftandknit.com\/wp-content\/uploads\/2025\/04\/IMG_7912-scaled.jpeg\" \/>\n\t<meta property=\"og:image:width\" content=\"1920\" \/>\n\t<meta property=\"og:image:height\" content=\"2560\" \/>\n\t<meta property=\"og:image:type\" content=\"image\/jpeg\" \/>\n<meta name=\"twitter:card\" content=\"summary_large_image\" \/>\n<meta name=\"twitter:label1\" content=\"Arvioitu lukuaika\" \/>\n\t<meta name=\"twitter:data1\" content=\"1 minuutti\" \/>\n<script type=\"application\/ld+json\" class=\"yoast-schema-graph\">{\"@context\":\"https:\\\/\\\/schema.org\",\"@graph\":[{\"@type\":\"WebPage\",\"@id\":\"https:\\\/\\\/www.ckcraftandknit.com\\\/produkt\\\/tkb-wool-wash\\\/\",\"url\":\"https:\\\/\\\/www.ckcraftandknit.com\\\/produkt\\\/tkb-wool-wash\\\/\",\"name\":\"TKB - Wool Wash - Ck Craftandknit\",\"isPartOf\":{\"@id\":\"https:\\\/\\\/www.ckcraftandknit.com\\\/#website\"},\"primaryImageOfPage\":{\"@id\":\"https:\\\/\\\/www.ckcraftandknit.com\\\/produkt\\\/tkb-wool-wash\\\/#primaryimage\"},\"image\":{\"@id\":\"https:\\\/\\\/www.ckcraftandknit.com\\\/produkt\\\/tkb-wool-wash\\\/#primaryimage\"},\"thumbnailUrl\":\"https:\\\/\\\/www.ckcraftandknit.com\\\/wp-content\\\/uploads\\\/2025\\\/04\\\/IMG_7912-scaled.jpeg\",\"datePublished\":\"2025-04-22T11:22:56+00:00\",\"dateModified\":\"2026-01-03T13:54:40+00:00\",\"breadcrumb\":{\"@id\":\"https:\\\/\\\/www.ckcraftandknit.com\\\/produkt\\\/tkb-wool-wash\\\/#breadcrumb\"},\"inLanguage\":\"fi\",\"potentialAction\":[{\"@type\":\"ReadAction\",\"target\":[\"https:\\\/\\\/www.ckcraftandknit.com\\\/produkt\\\/tkb-wool-wash\\\/\"]}]},{\"@type\":\"ImageObject\",\"inLanguage\":\"fi\",\"@id\":\"https:\\\/\\\/www.ckcraftandknit.com\\\/produkt\\\/tkb-wool-wash\\\/#primaryimage\",\"url\":\"https:\\\/\\\/www.ckcraftandknit.com\\\/wp-content\\\/uploads\\\/2025\\\/04\\\/IMG_7912-scaled.jpeg\",\"contentUrl\":\"https:\\\/\\\/www.ckcraftandknit.com\\\/wp-content\\\/uploads\\\/2025\\\/04\\\/IMG_7912-scaled.jpeg\",\"width\":1920,\"height\":2560},{\"@type\":\"BreadcrumbList\",\"@id\":\"https:\\\/\\\/www.ckcraftandknit.com\\\/produkt\\\/tkb-wool-wash\\\/#breadcrumb\",\"itemListElement\":[{\"@type\":\"ListItem\",\"position\":1,\"name\":\"Hem\",\"item\":\"https:\\\/\\\/www.ckcraftandknit.com\\\/fi\\\/\"},{\"@type\":\"ListItem\",\"position\":2,\"name\":\"Butik\",\"item\":\"https:\\\/\\\/www.ckcraftandknit.com\\\/shop\\\/\"},{\"@type\":\"ListItem\",\"position\":3,\"name\":\"TKB &#8211; Wool Wash\"}]},{\"@type\":\"WebSite\",\"@id\":\"https:\\\/\\\/www.ckcraftandknit.com\\\/#website\",\"url\":\"https:\\\/\\\/www.ckcraftandknit.com\\\/\",\"name\":\"Ck Craftandknit\",\"description\":\"Ck Craftandknit\",\"publisher\":{\"@id\":\"https:\\\/\\\/www.ckcraftandknit.com\\\/#organization\"},\"potentialAction\":[{\"@type\":\"SearchAction\",\"target\":{\"@type\":\"EntryPoint\",\"urlTemplate\":\"https:\\\/\\\/www.ckcraftandknit.com\\\/?s={search_term_string}\"},\"query-input\":{\"@type\":\"PropertyValueSpecification\",\"valueRequired\":true,\"valueName\":\"search_term_string\"}}],\"inLanguage\":\"fi\"},{\"@type\":\"Organization\",\"@id\":\"https:\\\/\\\/www.ckcraftandknit.com\\\/#organization\",\"name\":\"Ck Craftandknit\",\"url\":\"https:\\\/\\\/www.ckcraftandknit.com\\\/\",\"logo\":{\"@type\":\"ImageObject\",\"inLanguage\":\"fi\",\"@id\":\"https:\\\/\\\/www.ckcraftandknit.com\\\/#\\\/schema\\\/logo\\\/image\\\/\",\"url\":\"https:\\\/\\\/www.ckcraftandknit.com\\\/wp-content\\\/uploads\\\/2023\\\/02\\\/cropped-3-1-e1678211144578.png\",\"contentUrl\":\"https:\\\/\\\/www.ckcraftandknit.com\\\/wp-content\\\/uploads\\\/2023\\\/02\\\/cropped-3-1-e1678211144578.png\",\"width\":500,\"height\":138,\"caption\":\"Ck Craftandknit\"},\"image\":{\"@id\":\"https:\\\/\\\/www.ckcraftandknit.com\\\/#\\\/schema\\\/logo\\\/image\\\/\"}}]}<\/script>\n<!-- \/ Yoast SEO plugin. -->","yoast_head_json":{"title":"TKB - Wool Wash - Ck Craftandknit","robots":{"index":"index","follow":"follow","max-snippet":"max-snippet:-1","max-image-preview":"max-image-preview:large","max-video-preview":"max-video-preview:-1"},"canonical":"https:\/\/www.ckcraftandknit.com\/fi\/tuote\/tkb-wool-wash\/","og_locale":"fi_FI","og_type":"article","og_title":"TKB - Wool Wash - Ck Craftandknit","og_description":"Tv\u00e4ttmedel f\u00f6r ull, siden och linne. L\u00e4mpar sig f\u00f6r b\u00e5de hand- och maskintv\u00e4tt. 100 % naturliga ingridienser som reng\u00f6r textilier skonsamt samtidigt som det bevarar dess egenskaper. Tv\u00e4ttmedlet \u00e4r doftfritt. Dosering:\u00a0 handtv\u00e4tt ca 20-25 ml i 10 liter vatten. Maskintv\u00e4tt 30-25 ml Made in Finland Finns i tv\u00e5 storlekar 500 ml och 250 ml.","og_url":"https:\/\/www.ckcraftandknit.com\/fi\/tuote\/tkb-wool-wash\/","og_site_name":"Ck Craftandknit","article_modified_time":"2026-01-03T13:54:40+00:00","og_image":[{"width":1920,"height":2560,"url":"https:\/\/www.ckcraftandknit.com\/wp-content\/uploads\/2025\/04\/IMG_7912-scaled.jpeg","type":"image\/jpeg"}],"twitter_card":"summary_large_image","twitter_misc":{"Arvioitu lukuaika":"1 minuutti"},"schema":{"@context":"https:\/\/schema.org","@graph":[{"@type":"WebPage","@id":"https:\/\/www.ckcraftandknit.com\/produkt\/tkb-wool-wash\/","url":"https:\/\/www.ckcraftandknit.com\/produkt\/tkb-wool-wash\/","name":"TKB - Wool Wash - Ck Craftandknit","isPartOf":{"@id":"https:\/\/www.ckcraftandknit.com\/#website"},"primaryImageOfPage":{"@id":"https:\/\/www.ckcraftandknit.com\/produkt\/tkb-wool-wash\/#primaryimage"},"image":{"@id":"https:\/\/www.ckcraftandknit.com\/produkt\/tkb-wool-wash\/#primaryimage"},"thumbnailUrl":"https:\/\/www.ckcraftandknit.com\/wp-content\/uploads\/2025\/04\/IMG_7912-scaled.jpeg","datePublished":"2025-04-22T11:22:56+00:00","dateModified":"2026-01-03T13:54:40+00:00","breadcrumb":{"@id":"https:\/\/www.ckcraftandknit.com\/produkt\/tkb-wool-wash\/#breadcrumb"},"inLanguage":"fi","potentialAction":[{"@type":"ReadAction","target":["https:\/\/www.ckcraftandknit.com\/produkt\/tkb-wool-wash\/"]}]},{"@type":"ImageObject","inLanguage":"fi","@id":"https:\/\/www.ckcraftandknit.com\/produkt\/tkb-wool-wash\/#primaryimage","url":"https:\/\/www.ckcraftandknit.com\/wp-content\/uploads\/2025\/04\/IMG_7912-scaled.jpeg","contentUrl":"https:\/\/www.ckcraftandknit.com\/wp-content\/uploads\/2025\/04\/IMG_7912-scaled.jpeg","width":1920,"height":2560},{"@type":"BreadcrumbList","@id":"https:\/\/www.ckcraftandknit.com\/produkt\/tkb-wool-wash\/#breadcrumb","itemListElement":[{"@type":"ListItem","position":1,"name":"Hem","item":"https:\/\/www.ckcraftandknit.com\/fi\/"},{"@type":"ListItem","position":2,"name":"Butik","item":"https:\/\/www.ckcraftandknit.com\/shop\/"},{"@type":"ListItem","position":3,"name":"TKB &#8211; Wool Wash"}]},{"@type":"WebSite","@id":"https:\/\/www.ckcraftandknit.com\/#website","url":"https:\/\/www.ckcraftandknit.com\/","name":"Ck Craftandknit","description":"Ck Craftandknit","publisher":{"@id":"https:\/\/www.ckcraftandknit.com\/#organization"},"potentialAction":[{"@type":"SearchAction","target":{"@type":"EntryPoint","urlTemplate":"https:\/\/www.ckcraftandknit.com\/?s={search_term_string}"},"query-input":{"@type":"PropertyValueSpecification","valueRequired":true,"valueName":"search_term_string"}}],"inLanguage":"fi"},{"@type":"Organization","@id":"https:\/\/www.ckcraftandknit.com\/#organization","name":"Ck Craftandknit","url":"https:\/\/www.ckcraftandknit.com\/","logo":{"@type":"ImageObject","inLanguage":"fi","@id":"https:\/\/www.ckcraftandknit.com\/#\/schema\/logo\/image\/","url":"https:\/\/www.ckcraftandknit.com\/wp-content\/uploads\/2023\/02\/cropped-3-1-e1678211144578.png","contentUrl":"https:\/\/www.ckcraftandknit.com\/wp-content\/uploads\/2023\/02\/cropped-3-1-e1678211144578.png","width":500,"height":138,"caption":"Ck Craftandknit"},"image":{"@id":"https:\/\/www.ckcraftandknit.com\/#\/schema\/logo\/image\/"}}]}},"_links":{"self":[{"href":"https:\/\/www.ckcraftandknit.com\/fi\/wp-json\/wp\/v2\/product\/2817","targetHints":{"allow":["GET"]}}],"collection":[{"href":"https:\/\/www.ckcraftandknit.com\/fi\/wp-json\/wp\/v2\/product"}],"about":[{"href":"https:\/\/www.ckcraftandknit.com\/fi\/wp-json\/wp\/v2\/types\/product"}],"wp:featuredmedia":[{"embeddable":true,"href":"https:\/\/www.ckcraftandknit.com\/fi\/wp-json\/wp\/v2\/media\/2818"}],"wp:attachment":[{"href":"https:\/\/www.ckcraftandknit.com\/fi\/wp-json\/wp\/v2\/media?parent=2817"}],"wp:term":[{"taxonomy":"product_brand","embeddable":true,"href":"https:\/\/www.ckcraftandknit.com\/fi\/wp-json\/wp\/v2\/product_brand?post=2817"},{"taxonomy":"product_cat","embeddable":true,"href":"https:\/\/www.ckcraftandknit.com\/fi\/wp-json\/wp\/v2\/product_cat?post=2817"},{"taxonomy":"product_tag","embeddable":true,"href":"https:\/\/www.ckcraftandknit.com\/fi\/wp-json\/wp\/v2\/product_tag?post=2817"}],"curies":[{"name":"wp","href":"https:\/\/api.w.org\/{rel}","templated":true}]}}