{"id":2102,"date":"2024-06-09T16:38:55","date_gmt":"2024-06-09T16:38:55","guid":{"rendered":"https:\/\/www.ckcraftandknit.com\/?post_type=product&#038;p=2102"},"modified":"2026-01-03T13:58:08","modified_gmt":"2026-01-03T13:58:08","slug":"tkb-vivienne","status":"publish","type":"product","link":"https:\/\/www.ckcraftandknit.com\/fi\/produkt\/tkb-vivienne\/","title":{"rendered":"TKB &#8211; Vivienne Small"},"content":{"rendered":"<p>Pieni tyylik\u00e4s nahkasta tehty k\u00e4silaukku. S\u00e4\u00e4dett\u00e4v\u00e4 hihnan pituus. T\u00e4ydellinen pieniin projektiin tai pelk\u00e4st\u00e4\u00e4n k\u00e4silaukkuna k\u00e4ytettyn\u00e4. Ei vetoketjua mihin lanka voisi j\u00e4\u00e4d\u00e4 kiinni. Magneetiipainike sulkemiseen. Sis\u00e4puolella kaksi taskua. Toisessa vetoketju, toisessa ilman. Saatavana ruskeana ja mustana.\nKoko K 21cm x P 18 cm x  L 8 cm<\/p>\n<p>K\u00e4sin ommeltu Kiinassa<\/p>","protected":false},"excerpt":{"rendered":"<p>Liten chic handv\u00e4ska i l\u00e4der. Justerbar l\u00e4derrem. Perfekt f\u00f6r ett litet stickprojekt eller att anv\u00e4nda som handv\u00e4ska. Inga dragkedjor finns f\u00f6r att inte riskera att garn fastnar. Magnetknapp som h\u00e5ller v\u00e4skan st\u00e4ngd. P\u00e5 insidan finns tv\u00e5 fickor, en med dragked och en utan. Finns i brun och svart. Storlek H 21 cm x L 18 [&hellip;]<\/p>\n","protected":false},"featured_media":2103,"template":"","meta":{"ocean_post_layout":"","ocean_both_sidebars_style":"","ocean_both_sidebars_content_width":0,"ocean_both_sidebars_sidebars_width":0,"ocean_sidebar":"0","ocean_second_sidebar":"0","ocean_disable_margins":"enable","ocean_add_body_class":"","ocean_shortcode_before_top_bar":"","ocean_shortcode_after_top_bar":"","ocean_shortcode_before_header":"","ocean_shortcode_after_header":"","ocean_has_shortcode":"","ocean_shortcode_after_title":"","ocean_shortcode_before_footer_widgets":"","ocean_shortcode_after_footer_widgets":"","ocean_shortcode_before_footer_bottom":"","ocean_shortcode_after_footer_bottom":"","ocean_display_top_bar":"default","ocean_display_header":"default","ocean_header_style":"","ocean_center_header_left_menu":"0","ocean_custom_header_template":"0","ocean_custom_logo":0,"ocean_custom_retina_logo":0,"ocean_custom_logo_max_width":0,"ocean_custom_logo_tablet_max_width":0,"ocean_custom_logo_mobile_max_width":0,"ocean_custom_logo_max_height":0,"ocean_custom_logo_tablet_max_height":0,"ocean_custom_logo_mobile_max_height":0,"ocean_header_custom_menu":"0","ocean_menu_typo_font_family":"0","ocean_menu_typo_font_subset":"","ocean_menu_typo_font_size":0,"ocean_menu_typo_font_size_tablet":0,"ocean_menu_typo_font_size_mobile":0,"ocean_menu_typo_font_size_unit":"px","ocean_menu_typo_font_weight":"","ocean_menu_typo_font_weight_tablet":"","ocean_menu_typo_font_weight_mobile":"","ocean_menu_typo_transform":"","ocean_menu_typo_transform_tablet":"","ocean_menu_typo_transform_mobile":"","ocean_menu_typo_line_height":0,"ocean_menu_typo_line_height_tablet":0,"ocean_menu_typo_line_height_mobile":0,"ocean_menu_typo_line_height_unit":"","ocean_menu_typo_spacing":0,"ocean_menu_typo_spacing_tablet":0,"ocean_menu_typo_spacing_mobile":0,"ocean_menu_typo_spacing_unit":"","ocean_menu_link_color":"","ocean_menu_link_color_hover":"","ocean_menu_link_color_active":"","ocean_menu_link_background":"","ocean_menu_link_hover_background":"","ocean_menu_link_active_background":"","ocean_menu_social_links_bg":"","ocean_menu_social_hover_links_bg":"","ocean_menu_social_links_color":"","ocean_menu_social_hover_links_color":"","ocean_disable_title":"default","ocean_disable_heading":"default","ocean_post_title":"","ocean_post_subheading":"","ocean_post_title_style":"","ocean_post_title_background_color":"","ocean_post_title_background":0,"ocean_post_title_bg_image_position":"","ocean_post_title_bg_image_attachment":"","ocean_post_title_bg_image_repeat":"","ocean_post_title_bg_image_size":"","ocean_post_title_height":0,"ocean_post_title_bg_overlay":0.5,"ocean_post_title_bg_overlay_color":"","ocean_disable_breadcrumbs":"default","ocean_breadcrumbs_color":"","ocean_breadcrumbs_separator_color":"","ocean_breadcrumbs_links_color":"","ocean_breadcrumbs_links_hover_color":"","ocean_display_footer_widgets":"default","ocean_display_footer_bottom":"default","ocean_custom_footer_template":"0","omw_enable_modal_window":"enable"},"product_brand":[],"product_cat":[29,40],"product_tag":[],"class_list":{"0":"post-2102","1":"product","2":"type-product","3":"status-publish","4":"has-post-thumbnail","6":"product_cat-tkb-produkter","7":"product_cat-vaskor","9":"entry","10":"has-media","12":"first","13":"instock","14":"shipping-taxable","15":"purchasable","16":"product-type-variable","17":"has-product-nav","18":"col","19":"span_1_of_3","20":"owp-content-center","21":"owp-thumbs-layout-horizontal","22":"owp-btn-normal","23":"owp-tabs-layout-horizontal"},"yoast_head":"<!-- This site is optimized with the Yoast SEO plugin v27.2 - https:\/\/yoast.com\/product\/yoast-seo-wordpress\/ -->\n<title>TKB - Vivienne Small - Ck Craftandknit<\/title>\n<meta name=\"robots\" content=\"index, follow, max-snippet:-1, max-image-preview:large, max-video-preview:-1\" \/>\n<link rel=\"canonical\" href=\"https:\/\/www.ckcraftandknit.com\/fi\/tuote\/tkb-vivienne\/\" \/>\n<meta property=\"og:locale\" content=\"fi_FI\" \/>\n<meta property=\"og:type\" content=\"article\" \/>\n<meta property=\"og:title\" content=\"TKB - Vivienne Small - Ck Craftandknit\" \/>\n<meta property=\"og:description\" content=\"Liten chic handv\u00e4ska i l\u00e4der. Justerbar l\u00e4derrem. Perfekt f\u00f6r ett litet stickprojekt eller att anv\u00e4nda som handv\u00e4ska. Inga dragkedjor finns f\u00f6r att inte riskera att garn fastnar. Magnetknapp som h\u00e5ller v\u00e4skan st\u00e4ngd. P\u00e5 insidan finns tv\u00e5 fickor, en med dragked och en utan. Finns i brun och svart. Storlek H 21 cm x L 18 [&hellip;]\" \/>\n<meta property=\"og:url\" content=\"https:\/\/www.ckcraftandknit.com\/fi\/tuote\/tkb-vivienne\/\" \/>\n<meta property=\"og:site_name\" content=\"Ck Craftandknit\" \/>\n<meta property=\"article:modified_time\" content=\"2026-01-03T13:58:08+00:00\" \/>\n<meta property=\"og:image\" content=\"https:\/\/www.ckcraftandknit.com\/wp-content\/uploads\/2024\/06\/IMG_3710.jpeg\" \/>\n\t<meta property=\"og:image:width\" content=\"1103\" \/>\n\t<meta property=\"og:image:height\" content=\"1119\" \/>\n\t<meta property=\"og:image:type\" content=\"image\/jpeg\" \/>\n<meta name=\"twitter:card\" content=\"summary_large_image\" \/>\n<meta name=\"twitter:label1\" content=\"Arvioitu lukuaika\" \/>\n\t<meta name=\"twitter:data1\" content=\"1 minuutti\" \/>\n<script type=\"application\/ld+json\" class=\"yoast-schema-graph\">{\"@context\":\"https:\/\/schema.org\",\"@graph\":[{\"@type\":\"WebPage\",\"@id\":\"https:\/\/www.ckcraftandknit.com\/produkt\/tkb-vivienne\/\",\"url\":\"https:\/\/www.ckcraftandknit.com\/produkt\/tkb-vivienne\/\",\"name\":\"TKB - Vivienne Small - Ck Craftandknit\",\"isPartOf\":{\"@id\":\"https:\/\/www.ckcraftandknit.com\/#website\"},\"primaryImageOfPage\":{\"@id\":\"https:\/\/www.ckcraftandknit.com\/produkt\/tkb-vivienne\/#primaryimage\"},\"image\":{\"@id\":\"https:\/\/www.ckcraftandknit.com\/produkt\/tkb-vivienne\/#primaryimage\"},\"thumbnailUrl\":\"https:\/\/www.ckcraftandknit.com\/wp-content\/uploads\/2024\/06\/IMG_3710.jpeg\",\"datePublished\":\"2024-06-09T16:38:55+00:00\",\"dateModified\":\"2026-01-03T13:58:08+00:00\",\"breadcrumb\":{\"@id\":\"https:\/\/www.ckcraftandknit.com\/produkt\/tkb-vivienne\/#breadcrumb\"},\"inLanguage\":\"fi\",\"potentialAction\":[{\"@type\":\"ReadAction\",\"target\":[\"https:\/\/www.ckcraftandknit.com\/produkt\/tkb-vivienne\/\"]}]},{\"@type\":\"ImageObject\",\"inLanguage\":\"fi\",\"@id\":\"https:\/\/www.ckcraftandknit.com\/produkt\/tkb-vivienne\/#primaryimage\",\"url\":\"https:\/\/www.ckcraftandknit.com\/wp-content\/uploads\/2024\/06\/IMG_3710.jpeg\",\"contentUrl\":\"https:\/\/www.ckcraftandknit.com\/wp-content\/uploads\/2024\/06\/IMG_3710.jpeg\",\"width\":1103,\"height\":1119,\"caption\":\"Screenshot\"},{\"@type\":\"BreadcrumbList\",\"@id\":\"https:\/\/www.ckcraftandknit.com\/produkt\/tkb-vivienne\/#breadcrumb\",\"itemListElement\":[{\"@type\":\"ListItem\",\"position\":1,\"name\":\"Hem\",\"item\":\"https:\/\/www.ckcraftandknit.com\/fi\/\"},{\"@type\":\"ListItem\",\"position\":2,\"name\":\"Butik\",\"item\":\"https:\/\/www.ckcraftandknit.com\/shop\/\"},{\"@type\":\"ListItem\",\"position\":3,\"name\":\"TKB &#8211; Vivienne Small\"}]},{\"@type\":\"WebSite\",\"@id\":\"https:\/\/www.ckcraftandknit.com\/#website\",\"url\":\"https:\/\/www.ckcraftandknit.com\/\",\"name\":\"Ck Craftandknit\",\"description\":\"Ck Craftandknit\",\"publisher\":{\"@id\":\"https:\/\/www.ckcraftandknit.com\/#organization\"},\"potentialAction\":[{\"@type\":\"SearchAction\",\"target\":{\"@type\":\"EntryPoint\",\"urlTemplate\":\"https:\/\/www.ckcraftandknit.com\/?s={search_term_string}\"},\"query-input\":{\"@type\":\"PropertyValueSpecification\",\"valueRequired\":true,\"valueName\":\"search_term_string\"}}],\"inLanguage\":\"fi\"},{\"@type\":\"Organization\",\"@id\":\"https:\/\/www.ckcraftandknit.com\/#organization\",\"name\":\"Ck Craftandknit\",\"url\":\"https:\/\/www.ckcraftandknit.com\/\",\"logo\":{\"@type\":\"ImageObject\",\"inLanguage\":\"fi\",\"@id\":\"https:\/\/www.ckcraftandknit.com\/#\/schema\/logo\/image\/\",\"url\":\"https:\/\/www.ckcraftandknit.com\/wp-content\/uploads\/2023\/02\/cropped-3-1-e1678211144578.png\",\"contentUrl\":\"https:\/\/www.ckcraftandknit.com\/wp-content\/uploads\/2023\/02\/cropped-3-1-e1678211144578.png\",\"width\":500,\"height\":138,\"caption\":\"Ck Craftandknit\"},\"image\":{\"@id\":\"https:\/\/www.ckcraftandknit.com\/#\/schema\/logo\/image\/\"}}]}<\/script>\n<!-- \/ Yoast SEO plugin. -->","yoast_head_json":{"title":"TKB - Vivienne Small - Ck Craftandknit","robots":{"index":"index","follow":"follow","max-snippet":"max-snippet:-1","max-image-preview":"max-image-preview:large","max-video-preview":"max-video-preview:-1"},"canonical":"https:\/\/www.ckcraftandknit.com\/fi\/tuote\/tkb-vivienne\/","og_locale":"fi_FI","og_type":"article","og_title":"TKB - Vivienne Small - Ck Craftandknit","og_description":"Liten chic handv\u00e4ska i l\u00e4der. Justerbar l\u00e4derrem. Perfekt f\u00f6r ett litet stickprojekt eller att anv\u00e4nda som handv\u00e4ska. Inga dragkedjor finns f\u00f6r att inte riskera att garn fastnar. Magnetknapp som h\u00e5ller v\u00e4skan st\u00e4ngd. P\u00e5 insidan finns tv\u00e5 fickor, en med dragked och en utan. Finns i brun och svart. Storlek H 21 cm x L 18 [&hellip;]","og_url":"https:\/\/www.ckcraftandknit.com\/fi\/tuote\/tkb-vivienne\/","og_site_name":"Ck Craftandknit","article_modified_time":"2026-01-03T13:58:08+00:00","og_image":[{"width":1103,"height":1119,"url":"https:\/\/www.ckcraftandknit.com\/wp-content\/uploads\/2024\/06\/IMG_3710.jpeg","type":"image\/jpeg"}],"twitter_card":"summary_large_image","twitter_misc":{"Arvioitu lukuaika":"1 minuutti"},"schema":{"@context":"https:\/\/schema.org","@graph":[{"@type":"WebPage","@id":"https:\/\/www.ckcraftandknit.com\/produkt\/tkb-vivienne\/","url":"https:\/\/www.ckcraftandknit.com\/produkt\/tkb-vivienne\/","name":"TKB - Vivienne Small - Ck Craftandknit","isPartOf":{"@id":"https:\/\/www.ckcraftandknit.com\/#website"},"primaryImageOfPage":{"@id":"https:\/\/www.ckcraftandknit.com\/produkt\/tkb-vivienne\/#primaryimage"},"image":{"@id":"https:\/\/www.ckcraftandknit.com\/produkt\/tkb-vivienne\/#primaryimage"},"thumbnailUrl":"https:\/\/www.ckcraftandknit.com\/wp-content\/uploads\/2024\/06\/IMG_3710.jpeg","datePublished":"2024-06-09T16:38:55+00:00","dateModified":"2026-01-03T13:58:08+00:00","breadcrumb":{"@id":"https:\/\/www.ckcraftandknit.com\/produkt\/tkb-vivienne\/#breadcrumb"},"inLanguage":"fi","potentialAction":[{"@type":"ReadAction","target":["https:\/\/www.ckcraftandknit.com\/produkt\/tkb-vivienne\/"]}]},{"@type":"ImageObject","inLanguage":"fi","@id":"https:\/\/www.ckcraftandknit.com\/produkt\/tkb-vivienne\/#primaryimage","url":"https:\/\/www.ckcraftandknit.com\/wp-content\/uploads\/2024\/06\/IMG_3710.jpeg","contentUrl":"https:\/\/www.ckcraftandknit.com\/wp-content\/uploads\/2024\/06\/IMG_3710.jpeg","width":1103,"height":1119,"caption":"Screenshot"},{"@type":"BreadcrumbList","@id":"https:\/\/www.ckcraftandknit.com\/produkt\/tkb-vivienne\/#breadcrumb","itemListElement":[{"@type":"ListItem","position":1,"name":"Hem","item":"https:\/\/www.ckcraftandknit.com\/fi\/"},{"@type":"ListItem","position":2,"name":"Butik","item":"https:\/\/www.ckcraftandknit.com\/shop\/"},{"@type":"ListItem","position":3,"name":"TKB &#8211; Vivienne Small"}]},{"@type":"WebSite","@id":"https:\/\/www.ckcraftandknit.com\/#website","url":"https:\/\/www.ckcraftandknit.com\/","name":"Ck Craftandknit","description":"Ck Craftandknit","publisher":{"@id":"https:\/\/www.ckcraftandknit.com\/#organization"},"potentialAction":[{"@type":"SearchAction","target":{"@type":"EntryPoint","urlTemplate":"https:\/\/www.ckcraftandknit.com\/?s={search_term_string}"},"query-input":{"@type":"PropertyValueSpecification","valueRequired":true,"valueName":"search_term_string"}}],"inLanguage":"fi"},{"@type":"Organization","@id":"https:\/\/www.ckcraftandknit.com\/#organization","name":"Ck Craftandknit","url":"https:\/\/www.ckcraftandknit.com\/","logo":{"@type":"ImageObject","inLanguage":"fi","@id":"https:\/\/www.ckcraftandknit.com\/#\/schema\/logo\/image\/","url":"https:\/\/www.ckcraftandknit.com\/wp-content\/uploads\/2023\/02\/cropped-3-1-e1678211144578.png","contentUrl":"https:\/\/www.ckcraftandknit.com\/wp-content\/uploads\/2023\/02\/cropped-3-1-e1678211144578.png","width":500,"height":138,"caption":"Ck Craftandknit"},"image":{"@id":"https:\/\/www.ckcraftandknit.com\/#\/schema\/logo\/image\/"}}]}},"_links":{"self":[{"href":"https:\/\/www.ckcraftandknit.com\/fi\/wp-json\/wp\/v2\/product\/2102","targetHints":{"allow":["GET"]}}],"collection":[{"href":"https:\/\/www.ckcraftandknit.com\/fi\/wp-json\/wp\/v2\/product"}],"about":[{"href":"https:\/\/www.ckcraftandknit.com\/fi\/wp-json\/wp\/v2\/types\/product"}],"wp:featuredmedia":[{"embeddable":true,"href":"https:\/\/www.ckcraftandknit.com\/fi\/wp-json\/wp\/v2\/media\/2103"}],"wp:attachment":[{"href":"https:\/\/www.ckcraftandknit.com\/fi\/wp-json\/wp\/v2\/media?parent=2102"}],"wp:term":[{"taxonomy":"product_brand","embeddable":true,"href":"https:\/\/www.ckcraftandknit.com\/fi\/wp-json\/wp\/v2\/product_brand?post=2102"},{"taxonomy":"product_cat","embeddable":true,"href":"https:\/\/www.ckcraftandknit.com\/fi\/wp-json\/wp\/v2\/product_cat?post=2102"},{"taxonomy":"product_tag","embeddable":true,"href":"https:\/\/www.ckcraftandknit.com\/fi\/wp-json\/wp\/v2\/product_tag?post=2102"}],"curies":[{"name":"wp","href":"https:\/\/api.w.org\/{rel}","templated":true}]}}