{"id":2464,"date":"2024-11-08T15:28:37","date_gmt":"2024-11-08T15:28:37","guid":{"rendered":"https:\/\/www.ckcraftandknit.com\/?post_type=product&#038;p=2464"},"modified":"2026-02-21T06:54:29","modified_gmt":"2026-02-21T06:54:29","slug":"vivienne-bag-l","status":"publish","type":"product","link":"https:\/\/www.ckcraftandknit.com\/en\/produkt\/vivienne-bag-l\/","title":{"rendered":"TKB &#8211; Vivienne bag L"},"content":{"rendered":"<p>A real knitting basket, made in vegetable tanned Italian leather. Patchwork design on the front and back. Shoulder strap with adjustable length and a hand strap, both can be removed or added just as you like. Perfect for those who have more than one work in progress going on and want to carry their knitting with them.<\/p>\n<p>The bag has no zipper, but the sturdy lining on the inside transitions into a stylish drawstring closure. Two pockets on the inside, one with a zip and one without. At the bottom there are four small metal feet.<\/p>\n<p>Storlek :\u00a0 24 cm *\u00a0 30 cm * 20 cm<\/p>\n<p>Designed by The Knitting Barber<\/p>\n<p>Handsewn in China<\/p>","protected":false},"excerpt":{"rendered":"<p>En riktig stickkorg, gjord i vegetabiliskt garvat italienskt l\u00e4der. Lappt\u00e4cksdesign p\u00e5 fram- och baksidan. Axelrem med justerbar l\u00e4ngd och en handrem, b\u00e5da kan tas bort eller l\u00e4ggas till precis som du vill. Perfekt f\u00f6r dig som har mer \u00e4n ett arbete p\u00e5 g\u00e5ng och vill kunna b\u00e4ra med dig alla projekt! V\u00e4skan har ingen dragkedja [&hellip;]<\/p>\n","protected":false},"featured_media":2465,"template":"","meta":{"ocean_post_layout":"","ocean_both_sidebars_style":"","ocean_both_sidebars_content_width":0,"ocean_both_sidebars_sidebars_width":0,"ocean_sidebar":"0","ocean_second_sidebar":"0","ocean_disable_margins":"enable","ocean_add_body_class":"","ocean_shortcode_before_top_bar":"","ocean_shortcode_after_top_bar":"","ocean_shortcode_before_header":"","ocean_shortcode_after_header":"","ocean_has_shortcode":"","ocean_shortcode_after_title":"","ocean_shortcode_before_footer_widgets":"","ocean_shortcode_after_footer_widgets":"","ocean_shortcode_before_footer_bottom":"","ocean_shortcode_after_footer_bottom":"","ocean_display_top_bar":"default","ocean_display_header":"default","ocean_header_style":"","ocean_center_header_left_menu":"0","ocean_custom_header_template":"0","ocean_custom_logo":0,"ocean_custom_retina_logo":0,"ocean_custom_logo_max_width":0,"ocean_custom_logo_tablet_max_width":0,"ocean_custom_logo_mobile_max_width":0,"ocean_custom_logo_max_height":0,"ocean_custom_logo_tablet_max_height":0,"ocean_custom_logo_mobile_max_height":0,"ocean_header_custom_menu":"0","ocean_menu_typo_font_family":"0","ocean_menu_typo_font_subset":"","ocean_menu_typo_font_size":0,"ocean_menu_typo_font_size_tablet":0,"ocean_menu_typo_font_size_mobile":0,"ocean_menu_typo_font_size_unit":"px","ocean_menu_typo_font_weight":"","ocean_menu_typo_font_weight_tablet":"","ocean_menu_typo_font_weight_mobile":"","ocean_menu_typo_transform":"","ocean_menu_typo_transform_tablet":"","ocean_menu_typo_transform_mobile":"","ocean_menu_typo_line_height":0,"ocean_menu_typo_line_height_tablet":0,"ocean_menu_typo_line_height_mobile":0,"ocean_menu_typo_line_height_unit":"","ocean_menu_typo_spacing":0,"ocean_menu_typo_spacing_tablet":0,"ocean_menu_typo_spacing_mobile":0,"ocean_menu_typo_spacing_unit":"","ocean_menu_link_color":"","ocean_menu_link_color_hover":"","ocean_menu_link_color_active":"","ocean_menu_link_background":"","ocean_menu_link_hover_background":"","ocean_menu_link_active_background":"","ocean_menu_social_links_bg":"","ocean_menu_social_hover_links_bg":"","ocean_menu_social_links_color":"","ocean_menu_social_hover_links_color":"","ocean_disable_title":"default","ocean_disable_heading":"default","ocean_post_title":"","ocean_post_subheading":"","ocean_post_title_style":"","ocean_post_title_background_color":"","ocean_post_title_background":0,"ocean_post_title_bg_image_position":"","ocean_post_title_bg_image_attachment":"","ocean_post_title_bg_image_repeat":"","ocean_post_title_bg_image_size":"","ocean_post_title_height":0,"ocean_post_title_bg_overlay":0.5,"ocean_post_title_bg_overlay_color":"","ocean_disable_breadcrumbs":"default","ocean_breadcrumbs_color":"","ocean_breadcrumbs_separator_color":"","ocean_breadcrumbs_links_color":"","ocean_breadcrumbs_links_hover_color":"","ocean_display_footer_widgets":"default","ocean_display_footer_bottom":"default","ocean_custom_footer_template":"0","omw_enable_modal_window":"enable"},"product_brand":[],"product_cat":[29,40],"product_tag":[],"class_list":{"0":"post-2464","1":"product","2":"type-product","3":"status-publish","4":"has-post-thumbnail","6":"product_cat-tkb-produkter","7":"product_cat-vaskor","9":"entry","10":"has-media","12":"first","13":"instock","14":"taxable","15":"shipping-taxable","16":"purchasable","17":"product-type-simple","18":"has-product-nav","19":"col","20":"span_1_of_3","21":"owp-content-center","22":"owp-thumbs-layout-horizontal","23":"owp-btn-normal","24":"owp-tabs-layout-horizontal"},"yoast_head":"<!-- This site is optimized with the Yoast SEO plugin v27.5 - https:\/\/yoast.com\/product\/yoast-seo-wordpress\/ -->\n<title>TKB - Vivienne bag L - Ck Craftandknit<\/title>\n<meta name=\"robots\" content=\"index, follow, max-snippet:-1, max-image-preview:large, max-video-preview:-1\" \/>\n<link rel=\"canonical\" href=\"https:\/\/www.ckcraftandknit.com\/en\/product-3\/vivienne-bag-l\/\" \/>\n<meta property=\"og:locale\" content=\"en_US\" \/>\n<meta property=\"og:type\" content=\"article\" \/>\n<meta property=\"og:title\" content=\"TKB - Vivienne bag L - Ck Craftandknit\" \/>\n<meta property=\"og:description\" content=\"En riktig stickkorg, gjord i vegetabiliskt garvat italienskt l\u00e4der. Lappt\u00e4cksdesign p\u00e5 fram- och baksidan. Axelrem med justerbar l\u00e4ngd och en handrem, b\u00e5da kan tas bort eller l\u00e4ggas till precis som du vill. Perfekt f\u00f6r dig som har mer \u00e4n ett arbete p\u00e5 g\u00e5ng och vill kunna b\u00e4ra med dig alla projekt! V\u00e4skan har ingen dragkedja [&hellip;]\" \/>\n<meta property=\"og:url\" content=\"https:\/\/www.ckcraftandknit.com\/en\/product-3\/vivienne-bag-l\/\" \/>\n<meta property=\"og:site_name\" content=\"Ck Craftandknit\" \/>\n<meta property=\"article:modified_time\" content=\"2026-02-21T06:54:29+00:00\" \/>\n<meta property=\"og:image\" content=\"https:\/\/www.ckcraftandknit.com\/wp-content\/uploads\/2024\/11\/ebf513d9-73fb-433b-8896-5a81d60f5a66-819x1024-1.jpg\" \/>\n\t<meta property=\"og:image:width\" content=\"819\" \/>\n\t<meta property=\"og:image:height\" content=\"1024\" \/>\n\t<meta property=\"og:image:type\" content=\"image\/jpeg\" \/>\n<meta name=\"twitter:card\" content=\"summary_large_image\" \/>\n<meta name=\"twitter:label1\" content=\"Est. reading time\" \/>\n\t<meta name=\"twitter:data1\" content=\"1 minute\" \/>\n<script type=\"application\/ld+json\" class=\"yoast-schema-graph\">{\"@context\":\"https:\\\/\\\/schema.org\",\"@graph\":[{\"@type\":\"WebPage\",\"@id\":\"https:\\\/\\\/www.ckcraftandknit.com\\\/produkt\\\/vivienne-bag-l\\\/\",\"url\":\"https:\\\/\\\/www.ckcraftandknit.com\\\/produkt\\\/vivienne-bag-l\\\/\",\"name\":\"TKB - Vivienne bag L - Ck Craftandknit\",\"isPartOf\":{\"@id\":\"https:\\\/\\\/www.ckcraftandknit.com\\\/#website\"},\"primaryImageOfPage\":{\"@id\":\"https:\\\/\\\/www.ckcraftandknit.com\\\/produkt\\\/vivienne-bag-l\\\/#primaryimage\"},\"image\":{\"@id\":\"https:\\\/\\\/www.ckcraftandknit.com\\\/produkt\\\/vivienne-bag-l\\\/#primaryimage\"},\"thumbnailUrl\":\"https:\\\/\\\/www.ckcraftandknit.com\\\/wp-content\\\/uploads\\\/2024\\\/11\\\/ebf513d9-73fb-433b-8896-5a81d60f5a66-819x1024-1.jpg\",\"datePublished\":\"2024-11-08T15:28:37+00:00\",\"dateModified\":\"2026-02-21T06:54:29+00:00\",\"breadcrumb\":{\"@id\":\"https:\\\/\\\/www.ckcraftandknit.com\\\/produkt\\\/vivienne-bag-l\\\/#breadcrumb\"},\"inLanguage\":\"en-US\",\"potentialAction\":[{\"@type\":\"ReadAction\",\"target\":[\"https:\\\/\\\/www.ckcraftandknit.com\\\/produkt\\\/vivienne-bag-l\\\/\"]}]},{\"@type\":\"ImageObject\",\"inLanguage\":\"en-US\",\"@id\":\"https:\\\/\\\/www.ckcraftandknit.com\\\/produkt\\\/vivienne-bag-l\\\/#primaryimage\",\"url\":\"https:\\\/\\\/www.ckcraftandknit.com\\\/wp-content\\\/uploads\\\/2024\\\/11\\\/ebf513d9-73fb-433b-8896-5a81d60f5a66-819x1024-1.jpg\",\"contentUrl\":\"https:\\\/\\\/www.ckcraftandknit.com\\\/wp-content\\\/uploads\\\/2024\\\/11\\\/ebf513d9-73fb-433b-8896-5a81d60f5a66-819x1024-1.jpg\",\"width\":819,\"height\":1024},{\"@type\":\"BreadcrumbList\",\"@id\":\"https:\\\/\\\/www.ckcraftandknit.com\\\/produkt\\\/vivienne-bag-l\\\/#breadcrumb\",\"itemListElement\":[{\"@type\":\"ListItem\",\"position\":1,\"name\":\"Hem\",\"item\":\"https:\\\/\\\/www.ckcraftandknit.com\\\/fi\\\/\"},{\"@type\":\"ListItem\",\"position\":2,\"name\":\"Butik\",\"item\":\"https:\\\/\\\/www.ckcraftandknit.com\\\/shop\\\/\"},{\"@type\":\"ListItem\",\"position\":3,\"name\":\"TKB &#8211; Vivienne bag L\"}]},{\"@type\":\"WebSite\",\"@id\":\"https:\\\/\\\/www.ckcraftandknit.com\\\/#website\",\"url\":\"https:\\\/\\\/www.ckcraftandknit.com\\\/\",\"name\":\"Ck Craftandknit\",\"description\":\"Ck Craftandknit\",\"publisher\":{\"@id\":\"https:\\\/\\\/www.ckcraftandknit.com\\\/#organization\"},\"potentialAction\":[{\"@type\":\"SearchAction\",\"target\":{\"@type\":\"EntryPoint\",\"urlTemplate\":\"https:\\\/\\\/www.ckcraftandknit.com\\\/?s={search_term_string}\"},\"query-input\":{\"@type\":\"PropertyValueSpecification\",\"valueRequired\":true,\"valueName\":\"search_term_string\"}}],\"inLanguage\":\"en-US\"},{\"@type\":\"Organization\",\"@id\":\"https:\\\/\\\/www.ckcraftandknit.com\\\/#organization\",\"name\":\"Ck Craftandknit\",\"url\":\"https:\\\/\\\/www.ckcraftandknit.com\\\/\",\"logo\":{\"@type\":\"ImageObject\",\"inLanguage\":\"en-US\",\"@id\":\"https:\\\/\\\/www.ckcraftandknit.com\\\/#\\\/schema\\\/logo\\\/image\\\/\",\"url\":\"https:\\\/\\\/www.ckcraftandknit.com\\\/wp-content\\\/uploads\\\/2023\\\/02\\\/cropped-3-1-e1678211144578.png\",\"contentUrl\":\"https:\\\/\\\/www.ckcraftandknit.com\\\/wp-content\\\/uploads\\\/2023\\\/02\\\/cropped-3-1-e1678211144578.png\",\"width\":500,\"height\":138,\"caption\":\"Ck Craftandknit\"},\"image\":{\"@id\":\"https:\\\/\\\/www.ckcraftandknit.com\\\/#\\\/schema\\\/logo\\\/image\\\/\"}}]}<\/script>\n<!-- \/ Yoast SEO plugin. -->","yoast_head_json":{"title":"TKB - Vivienne bag L - Ck Craftandknit","robots":{"index":"index","follow":"follow","max-snippet":"max-snippet:-1","max-image-preview":"max-image-preview:large","max-video-preview":"max-video-preview:-1"},"canonical":"https:\/\/www.ckcraftandknit.com\/en\/product-3\/vivienne-bag-l\/","og_locale":"en_US","og_type":"article","og_title":"TKB - Vivienne bag L - Ck Craftandknit","og_description":"En riktig stickkorg, gjord i vegetabiliskt garvat italienskt l\u00e4der. Lappt\u00e4cksdesign p\u00e5 fram- och baksidan. Axelrem med justerbar l\u00e4ngd och en handrem, b\u00e5da kan tas bort eller l\u00e4ggas till precis som du vill. Perfekt f\u00f6r dig som har mer \u00e4n ett arbete p\u00e5 g\u00e5ng och vill kunna b\u00e4ra med dig alla projekt! V\u00e4skan har ingen dragkedja [&hellip;]","og_url":"https:\/\/www.ckcraftandknit.com\/en\/product-3\/vivienne-bag-l\/","og_site_name":"Ck Craftandknit","article_modified_time":"2026-02-21T06:54:29+00:00","og_image":[{"width":819,"height":1024,"url":"https:\/\/www.ckcraftandknit.com\/wp-content\/uploads\/2024\/11\/ebf513d9-73fb-433b-8896-5a81d60f5a66-819x1024-1.jpg","type":"image\/jpeg"}],"twitter_card":"summary_large_image","twitter_misc":{"Est. reading time":"1 minute"},"schema":{"@context":"https:\/\/schema.org","@graph":[{"@type":"WebPage","@id":"https:\/\/www.ckcraftandknit.com\/produkt\/vivienne-bag-l\/","url":"https:\/\/www.ckcraftandknit.com\/produkt\/vivienne-bag-l\/","name":"TKB - Vivienne bag L - Ck Craftandknit","isPartOf":{"@id":"https:\/\/www.ckcraftandknit.com\/#website"},"primaryImageOfPage":{"@id":"https:\/\/www.ckcraftandknit.com\/produkt\/vivienne-bag-l\/#primaryimage"},"image":{"@id":"https:\/\/www.ckcraftandknit.com\/produkt\/vivienne-bag-l\/#primaryimage"},"thumbnailUrl":"https:\/\/www.ckcraftandknit.com\/wp-content\/uploads\/2024\/11\/ebf513d9-73fb-433b-8896-5a81d60f5a66-819x1024-1.jpg","datePublished":"2024-11-08T15:28:37+00:00","dateModified":"2026-02-21T06:54:29+00:00","breadcrumb":{"@id":"https:\/\/www.ckcraftandknit.com\/produkt\/vivienne-bag-l\/#breadcrumb"},"inLanguage":"en-US","potentialAction":[{"@type":"ReadAction","target":["https:\/\/www.ckcraftandknit.com\/produkt\/vivienne-bag-l\/"]}]},{"@type":"ImageObject","inLanguage":"en-US","@id":"https:\/\/www.ckcraftandknit.com\/produkt\/vivienne-bag-l\/#primaryimage","url":"https:\/\/www.ckcraftandknit.com\/wp-content\/uploads\/2024\/11\/ebf513d9-73fb-433b-8896-5a81d60f5a66-819x1024-1.jpg","contentUrl":"https:\/\/www.ckcraftandknit.com\/wp-content\/uploads\/2024\/11\/ebf513d9-73fb-433b-8896-5a81d60f5a66-819x1024-1.jpg","width":819,"height":1024},{"@type":"BreadcrumbList","@id":"https:\/\/www.ckcraftandknit.com\/produkt\/vivienne-bag-l\/#breadcrumb","itemListElement":[{"@type":"ListItem","position":1,"name":"Hem","item":"https:\/\/www.ckcraftandknit.com\/fi\/"},{"@type":"ListItem","position":2,"name":"Butik","item":"https:\/\/www.ckcraftandknit.com\/shop\/"},{"@type":"ListItem","position":3,"name":"TKB &#8211; Vivienne bag L"}]},{"@type":"WebSite","@id":"https:\/\/www.ckcraftandknit.com\/#website","url":"https:\/\/www.ckcraftandknit.com\/","name":"Ck Craftandknit","description":"Ck Craftandknit","publisher":{"@id":"https:\/\/www.ckcraftandknit.com\/#organization"},"potentialAction":[{"@type":"SearchAction","target":{"@type":"EntryPoint","urlTemplate":"https:\/\/www.ckcraftandknit.com\/?s={search_term_string}"},"query-input":{"@type":"PropertyValueSpecification","valueRequired":true,"valueName":"search_term_string"}}],"inLanguage":"en-US"},{"@type":"Organization","@id":"https:\/\/www.ckcraftandknit.com\/#organization","name":"Ck Craftandknit","url":"https:\/\/www.ckcraftandknit.com\/","logo":{"@type":"ImageObject","inLanguage":"en-US","@id":"https:\/\/www.ckcraftandknit.com\/#\/schema\/logo\/image\/","url":"https:\/\/www.ckcraftandknit.com\/wp-content\/uploads\/2023\/02\/cropped-3-1-e1678211144578.png","contentUrl":"https:\/\/www.ckcraftandknit.com\/wp-content\/uploads\/2023\/02\/cropped-3-1-e1678211144578.png","width":500,"height":138,"caption":"Ck Craftandknit"},"image":{"@id":"https:\/\/www.ckcraftandknit.com\/#\/schema\/logo\/image\/"}}]}},"_links":{"self":[{"href":"https:\/\/www.ckcraftandknit.com\/en\/wp-json\/wp\/v2\/product\/2464","targetHints":{"allow":["GET"]}}],"collection":[{"href":"https:\/\/www.ckcraftandknit.com\/en\/wp-json\/wp\/v2\/product"}],"about":[{"href":"https:\/\/www.ckcraftandknit.com\/en\/wp-json\/wp\/v2\/types\/product"}],"wp:featuredmedia":[{"embeddable":true,"href":"https:\/\/www.ckcraftandknit.com\/en\/wp-json\/wp\/v2\/media\/2465"}],"wp:attachment":[{"href":"https:\/\/www.ckcraftandknit.com\/en\/wp-json\/wp\/v2\/media?parent=2464"}],"wp:term":[{"taxonomy":"product_brand","embeddable":true,"href":"https:\/\/www.ckcraftandknit.com\/en\/wp-json\/wp\/v2\/product_brand?post=2464"},{"taxonomy":"product_cat","embeddable":true,"href":"https:\/\/www.ckcraftandknit.com\/en\/wp-json\/wp\/v2\/product_cat?post=2464"},{"taxonomy":"product_tag","embeddable":true,"href":"https:\/\/www.ckcraftandknit.com\/en\/wp-json\/wp\/v2\/product_tag?post=2464"}],"curies":[{"name":"wp","href":"https:\/\/api.w.org\/{rel}","templated":true}]}}