{"id":2450,"date":"2024-11-05T10:29:59","date_gmt":"2024-11-05T10:29:59","guid":{"rendered":"https:\/\/www.ckcraftandknit.com\/?post_type=product&#038;p=2450"},"modified":"2026-01-03T13:56:18","modified_gmt":"2026-01-03T13:56:18","slug":"edith-bag-small","status":"publish","type":"product","link":"https:\/\/www.ckcraftandknit.com\/en\/produkt\/edith-bag-small\/","title":{"rendered":"TKB &#8211; Edith bag Small"},"content":{"rendered":"<pre id=\"tw-target-text\" class=\"tw-data-text tw-text-large tw-ta\" dir=\"ltr\" data-placeholder=\"Translation\" data-ved=\"2ahUKEwjTjYiH_MSJAxWuIxAIHRi-HXoQ3ewLegQICRAU\" aria-label=\"Translated text: Liten axelv\u00e4ska eller crossbody-v\u00e4ska. Tillverkad i vegetabiliskt garvat italienskt l\u00e4der. Justerbar reml\u00e4ngd. Perfekt som vardagsv\u00e4ska f\u00f6r aff\u00e4rer eller stickning. St\u00e4ngs med dragkedja upptill. Handtag med liten magnetisk st\u00e4ngning. Tv\u00e5 fickor p\u00e5 framsidan med magnetknappar. Blixtl\u00e5sficka p\u00e5 baksidan. Inuti tv\u00e5 fickor, en med dragkedja, en utan. Avtagbar axelrem i bomull och l\u00e4der. Finns i brunt och svart. Storlek utan handtag: H 19cm * L 25cm * B 10cm Designad av The Knitting Barber Handsydd i Kina.\"><span class=\"Y2IQFc\" lang=\"sv\" style=\"font-family: arial, helvetica, sans-serif;\">Small shoulder bag or crossbody bag. Made in vegetable tanned Italian leather. Adjustable strap length. Perfect as an everyday bag for business or knitting.\n\nCloses with zipper on top. Handles with small magnetic closure. Two pockets on the front with magnetic buttons. Zipper pocket on the back. Inside two pockets, one with a zipper, one without. Removable shoulder strap in cotton and leather. Available in brown and black.\n\nSize without handles: H 19cm * L 25cm * W 10cm\n\nDesigned by The Knitting Barber\n\nHand sewn in China.<\/span><\/pre>","protected":false},"excerpt":{"rendered":"<p>Liten axelv\u00e4ska. Tillverkad i vegetabiliskt garvat italienskt l\u00e4der. Justerbar reml\u00e4ngd. Perfekt som vardagsv\u00e4ska och\/eller f\u00f6r att ha med en liten stickning. St\u00e4ngs med dragkedja upptill. Handtag med liten magnetisk st\u00e4ngning. Tv\u00e5 fickor p\u00e5 framsidan med magnetknappar. Blixtl\u00e5sficka p\u00e5 baksidan. Inuti tv\u00e5 fickor, en med dragkedja, en utan. Avtagbar axelrem i bomull och l\u00e4der. Finns i [&hellip;]<\/p>\n","protected":false},"featured_media":2457,"template":"","meta":{"ocean_post_layout":"","ocean_both_sidebars_style":"","ocean_both_sidebars_content_width":0,"ocean_both_sidebars_sidebars_width":0,"ocean_sidebar":"0","ocean_second_sidebar":"0","ocean_disable_margins":"enable","ocean_add_body_class":"","ocean_shortcode_before_top_bar":"","ocean_shortcode_after_top_bar":"","ocean_shortcode_before_header":"","ocean_shortcode_after_header":"","ocean_has_shortcode":"","ocean_shortcode_after_title":"","ocean_shortcode_before_footer_widgets":"","ocean_shortcode_after_footer_widgets":"","ocean_shortcode_before_footer_bottom":"","ocean_shortcode_after_footer_bottom":"","ocean_display_top_bar":"default","ocean_display_header":"default","ocean_header_style":"","ocean_center_header_left_menu":"0","ocean_custom_header_template":"0","ocean_custom_logo":0,"ocean_custom_retina_logo":0,"ocean_custom_logo_max_width":0,"ocean_custom_logo_tablet_max_width":0,"ocean_custom_logo_mobile_max_width":0,"ocean_custom_logo_max_height":0,"ocean_custom_logo_tablet_max_height":0,"ocean_custom_logo_mobile_max_height":0,"ocean_header_custom_menu":"0","ocean_menu_typo_font_family":"0","ocean_menu_typo_font_subset":"","ocean_menu_typo_font_size":0,"ocean_menu_typo_font_size_tablet":0,"ocean_menu_typo_font_size_mobile":0,"ocean_menu_typo_font_size_unit":"px","ocean_menu_typo_font_weight":"","ocean_menu_typo_font_weight_tablet":"","ocean_menu_typo_font_weight_mobile":"","ocean_menu_typo_transform":"","ocean_menu_typo_transform_tablet":"","ocean_menu_typo_transform_mobile":"","ocean_menu_typo_line_height":0,"ocean_menu_typo_line_height_tablet":0,"ocean_menu_typo_line_height_mobile":0,"ocean_menu_typo_line_height_unit":"","ocean_menu_typo_spacing":0,"ocean_menu_typo_spacing_tablet":0,"ocean_menu_typo_spacing_mobile":0,"ocean_menu_typo_spacing_unit":"","ocean_menu_link_color":"","ocean_menu_link_color_hover":"","ocean_menu_link_color_active":"","ocean_menu_link_background":"","ocean_menu_link_hover_background":"","ocean_menu_link_active_background":"","ocean_menu_social_links_bg":"","ocean_menu_social_hover_links_bg":"","ocean_menu_social_links_color":"","ocean_menu_social_hover_links_color":"","ocean_disable_title":"default","ocean_disable_heading":"default","ocean_post_title":"","ocean_post_subheading":"","ocean_post_title_style":"","ocean_post_title_background_color":"","ocean_post_title_background":0,"ocean_post_title_bg_image_position":"","ocean_post_title_bg_image_attachment":"","ocean_post_title_bg_image_repeat":"","ocean_post_title_bg_image_size":"","ocean_post_title_height":0,"ocean_post_title_bg_overlay":0.5,"ocean_post_title_bg_overlay_color":"","ocean_disable_breadcrumbs":"default","ocean_breadcrumbs_color":"","ocean_breadcrumbs_separator_color":"","ocean_breadcrumbs_links_color":"","ocean_breadcrumbs_links_hover_color":"","ocean_display_footer_widgets":"default","ocean_display_footer_bottom":"default","ocean_custom_footer_template":"0","omw_enable_modal_window":"enable"},"product_brand":[],"product_cat":[29,40],"product_tag":[],"class_list":{"0":"post-2450","1":"product","2":"type-product","3":"status-publish","4":"has-post-thumbnail","6":"product_cat-tkb-produkter","7":"product_cat-vaskor","9":"entry","10":"has-media","12":"first","13":"instock","14":"taxable","15":"shipping-taxable","16":"purchasable","17":"product-type-simple","18":"has-product-nav","19":"col","20":"span_1_of_3","21":"owp-content-center","22":"owp-thumbs-layout-horizontal","23":"owp-btn-normal","24":"owp-tabs-layout-horizontal"},"yoast_head":"<!-- This site is optimized with the Yoast SEO plugin v27.5 - https:\/\/yoast.com\/product\/yoast-seo-wordpress\/ -->\n<title>TKB - Edith bag Small - Ck Craftandknit<\/title>\n<meta name=\"robots\" content=\"index, follow, max-snippet:-1, max-image-preview:large, max-video-preview:-1\" \/>\n<link rel=\"canonical\" href=\"https:\/\/www.ckcraftandknit.com\/en\/product-3\/edith-bag-small\/\" \/>\n<meta property=\"og:locale\" content=\"en_US\" \/>\n<meta property=\"og:type\" content=\"article\" \/>\n<meta property=\"og:title\" content=\"TKB - Edith bag Small - Ck Craftandknit\" \/>\n<meta property=\"og:description\" content=\"Liten axelv\u00e4ska. Tillverkad i vegetabiliskt garvat italienskt l\u00e4der. Justerbar reml\u00e4ngd. Perfekt som vardagsv\u00e4ska och\/eller f\u00f6r att ha med en liten stickning. St\u00e4ngs med dragkedja upptill. Handtag med liten magnetisk st\u00e4ngning. Tv\u00e5 fickor p\u00e5 framsidan med magnetknappar. Blixtl\u00e5sficka p\u00e5 baksidan. Inuti tv\u00e5 fickor, en med dragkedja, en utan. Avtagbar axelrem i bomull och l\u00e4der. Finns i [&hellip;]\" \/>\n<meta property=\"og:url\" content=\"https:\/\/www.ckcraftandknit.com\/en\/product-3\/edith-bag-small\/\" \/>\n<meta property=\"og:site_name\" content=\"Ck Craftandknit\" \/>\n<meta property=\"article:modified_time\" content=\"2026-01-03T13:56:18+00:00\" \/>\n<meta property=\"og:image\" content=\"https:\/\/www.ckcraftandknit.com\/wp-content\/uploads\/2024\/11\/9ec894d7-883c-46d3-8fa0-91c1e625d7cf-819x1024-1.jpg\" \/>\n\t<meta property=\"og:image:width\" content=\"819\" \/>\n\t<meta property=\"og:image:height\" content=\"1024\" \/>\n\t<meta property=\"og:image:type\" content=\"image\/jpeg\" \/>\n<meta name=\"twitter:card\" content=\"summary_large_image\" \/>\n<meta name=\"twitter:label1\" content=\"Est. reading time\" \/>\n\t<meta name=\"twitter:data1\" content=\"1 minute\" \/>\n<script type=\"application\/ld+json\" class=\"yoast-schema-graph\">{\"@context\":\"https:\\\/\\\/schema.org\",\"@graph\":[{\"@type\":\"WebPage\",\"@id\":\"https:\\\/\\\/www.ckcraftandknit.com\\\/produkt\\\/edith-bag-small\\\/\",\"url\":\"https:\\\/\\\/www.ckcraftandknit.com\\\/produkt\\\/edith-bag-small\\\/\",\"name\":\"TKB - Edith bag Small - Ck Craftandknit\",\"isPartOf\":{\"@id\":\"https:\\\/\\\/www.ckcraftandknit.com\\\/#website\"},\"primaryImageOfPage\":{\"@id\":\"https:\\\/\\\/www.ckcraftandknit.com\\\/produkt\\\/edith-bag-small\\\/#primaryimage\"},\"image\":{\"@id\":\"https:\\\/\\\/www.ckcraftandknit.com\\\/produkt\\\/edith-bag-small\\\/#primaryimage\"},\"thumbnailUrl\":\"https:\\\/\\\/www.ckcraftandknit.com\\\/wp-content\\\/uploads\\\/2024\\\/11\\\/9ec894d7-883c-46d3-8fa0-91c1e625d7cf-819x1024-1.jpg\",\"datePublished\":\"2024-11-05T10:29:59+00:00\",\"dateModified\":\"2026-01-03T13:56:18+00:00\",\"breadcrumb\":{\"@id\":\"https:\\\/\\\/www.ckcraftandknit.com\\\/produkt\\\/edith-bag-small\\\/#breadcrumb\"},\"inLanguage\":\"en-US\",\"potentialAction\":[{\"@type\":\"ReadAction\",\"target\":[\"https:\\\/\\\/www.ckcraftandknit.com\\\/produkt\\\/edith-bag-small\\\/\"]}]},{\"@type\":\"ImageObject\",\"inLanguage\":\"en-US\",\"@id\":\"https:\\\/\\\/www.ckcraftandknit.com\\\/produkt\\\/edith-bag-small\\\/#primaryimage\",\"url\":\"https:\\\/\\\/www.ckcraftandknit.com\\\/wp-content\\\/uploads\\\/2024\\\/11\\\/9ec894d7-883c-46d3-8fa0-91c1e625d7cf-819x1024-1.jpg\",\"contentUrl\":\"https:\\\/\\\/www.ckcraftandknit.com\\\/wp-content\\\/uploads\\\/2024\\\/11\\\/9ec894d7-883c-46d3-8fa0-91c1e625d7cf-819x1024-1.jpg\",\"width\":819,\"height\":1024},{\"@type\":\"BreadcrumbList\",\"@id\":\"https:\\\/\\\/www.ckcraftandknit.com\\\/produkt\\\/edith-bag-small\\\/#breadcrumb\",\"itemListElement\":[{\"@type\":\"ListItem\",\"position\":1,\"name\":\"Hem\",\"item\":\"https:\\\/\\\/www.ckcraftandknit.com\\\/fi\\\/\"},{\"@type\":\"ListItem\",\"position\":2,\"name\":\"Butik\",\"item\":\"https:\\\/\\\/www.ckcraftandknit.com\\\/shop\\\/\"},{\"@type\":\"ListItem\",\"position\":3,\"name\":\"TKB &#8211; Edith bag Small\"}]},{\"@type\":\"WebSite\",\"@id\":\"https:\\\/\\\/www.ckcraftandknit.com\\\/#website\",\"url\":\"https:\\\/\\\/www.ckcraftandknit.com\\\/\",\"name\":\"Ck Craftandknit\",\"description\":\"Ck Craftandknit\",\"publisher\":{\"@id\":\"https:\\\/\\\/www.ckcraftandknit.com\\\/#organization\"},\"potentialAction\":[{\"@type\":\"SearchAction\",\"target\":{\"@type\":\"EntryPoint\",\"urlTemplate\":\"https:\\\/\\\/www.ckcraftandknit.com\\\/?s={search_term_string}\"},\"query-input\":{\"@type\":\"PropertyValueSpecification\",\"valueRequired\":true,\"valueName\":\"search_term_string\"}}],\"inLanguage\":\"en-US\"},{\"@type\":\"Organization\",\"@id\":\"https:\\\/\\\/www.ckcraftandknit.com\\\/#organization\",\"name\":\"Ck Craftandknit\",\"url\":\"https:\\\/\\\/www.ckcraftandknit.com\\\/\",\"logo\":{\"@type\":\"ImageObject\",\"inLanguage\":\"en-US\",\"@id\":\"https:\\\/\\\/www.ckcraftandknit.com\\\/#\\\/schema\\\/logo\\\/image\\\/\",\"url\":\"https:\\\/\\\/www.ckcraftandknit.com\\\/wp-content\\\/uploads\\\/2023\\\/02\\\/cropped-3-1-e1678211144578.png\",\"contentUrl\":\"https:\\\/\\\/www.ckcraftandknit.com\\\/wp-content\\\/uploads\\\/2023\\\/02\\\/cropped-3-1-e1678211144578.png\",\"width\":500,\"height\":138,\"caption\":\"Ck Craftandknit\"},\"image\":{\"@id\":\"https:\\\/\\\/www.ckcraftandknit.com\\\/#\\\/schema\\\/logo\\\/image\\\/\"}}]}<\/script>\n<!-- \/ Yoast SEO plugin. -->","yoast_head_json":{"title":"TKB - Edith bag Small - Ck Craftandknit","robots":{"index":"index","follow":"follow","max-snippet":"max-snippet:-1","max-image-preview":"max-image-preview:large","max-video-preview":"max-video-preview:-1"},"canonical":"https:\/\/www.ckcraftandknit.com\/en\/product-3\/edith-bag-small\/","og_locale":"en_US","og_type":"article","og_title":"TKB - Edith bag Small - Ck Craftandknit","og_description":"Liten axelv\u00e4ska. Tillverkad i vegetabiliskt garvat italienskt l\u00e4der. Justerbar reml\u00e4ngd. Perfekt som vardagsv\u00e4ska och\/eller f\u00f6r att ha med en liten stickning. St\u00e4ngs med dragkedja upptill. Handtag med liten magnetisk st\u00e4ngning. Tv\u00e5 fickor p\u00e5 framsidan med magnetknappar. Blixtl\u00e5sficka p\u00e5 baksidan. Inuti tv\u00e5 fickor, en med dragkedja, en utan. Avtagbar axelrem i bomull och l\u00e4der. Finns i [&hellip;]","og_url":"https:\/\/www.ckcraftandknit.com\/en\/product-3\/edith-bag-small\/","og_site_name":"Ck Craftandknit","article_modified_time":"2026-01-03T13:56:18+00:00","og_image":[{"width":819,"height":1024,"url":"https:\/\/www.ckcraftandknit.com\/wp-content\/uploads\/2024\/11\/9ec894d7-883c-46d3-8fa0-91c1e625d7cf-819x1024-1.jpg","type":"image\/jpeg"}],"twitter_card":"summary_large_image","twitter_misc":{"Est. reading time":"1 minute"},"schema":{"@context":"https:\/\/schema.org","@graph":[{"@type":"WebPage","@id":"https:\/\/www.ckcraftandknit.com\/produkt\/edith-bag-small\/","url":"https:\/\/www.ckcraftandknit.com\/produkt\/edith-bag-small\/","name":"TKB - Edith bag Small - Ck Craftandknit","isPartOf":{"@id":"https:\/\/www.ckcraftandknit.com\/#website"},"primaryImageOfPage":{"@id":"https:\/\/www.ckcraftandknit.com\/produkt\/edith-bag-small\/#primaryimage"},"image":{"@id":"https:\/\/www.ckcraftandknit.com\/produkt\/edith-bag-small\/#primaryimage"},"thumbnailUrl":"https:\/\/www.ckcraftandknit.com\/wp-content\/uploads\/2024\/11\/9ec894d7-883c-46d3-8fa0-91c1e625d7cf-819x1024-1.jpg","datePublished":"2024-11-05T10:29:59+00:00","dateModified":"2026-01-03T13:56:18+00:00","breadcrumb":{"@id":"https:\/\/www.ckcraftandknit.com\/produkt\/edith-bag-small\/#breadcrumb"},"inLanguage":"en-US","potentialAction":[{"@type":"ReadAction","target":["https:\/\/www.ckcraftandknit.com\/produkt\/edith-bag-small\/"]}]},{"@type":"ImageObject","inLanguage":"en-US","@id":"https:\/\/www.ckcraftandknit.com\/produkt\/edith-bag-small\/#primaryimage","url":"https:\/\/www.ckcraftandknit.com\/wp-content\/uploads\/2024\/11\/9ec894d7-883c-46d3-8fa0-91c1e625d7cf-819x1024-1.jpg","contentUrl":"https:\/\/www.ckcraftandknit.com\/wp-content\/uploads\/2024\/11\/9ec894d7-883c-46d3-8fa0-91c1e625d7cf-819x1024-1.jpg","width":819,"height":1024},{"@type":"BreadcrumbList","@id":"https:\/\/www.ckcraftandknit.com\/produkt\/edith-bag-small\/#breadcrumb","itemListElement":[{"@type":"ListItem","position":1,"name":"Hem","item":"https:\/\/www.ckcraftandknit.com\/fi\/"},{"@type":"ListItem","position":2,"name":"Butik","item":"https:\/\/www.ckcraftandknit.com\/shop\/"},{"@type":"ListItem","position":3,"name":"TKB &#8211; Edith bag Small"}]},{"@type":"WebSite","@id":"https:\/\/www.ckcraftandknit.com\/#website","url":"https:\/\/www.ckcraftandknit.com\/","name":"Ck Craftandknit","description":"Ck Craftandknit","publisher":{"@id":"https:\/\/www.ckcraftandknit.com\/#organization"},"potentialAction":[{"@type":"SearchAction","target":{"@type":"EntryPoint","urlTemplate":"https:\/\/www.ckcraftandknit.com\/?s={search_term_string}"},"query-input":{"@type":"PropertyValueSpecification","valueRequired":true,"valueName":"search_term_string"}}],"inLanguage":"en-US"},{"@type":"Organization","@id":"https:\/\/www.ckcraftandknit.com\/#organization","name":"Ck Craftandknit","url":"https:\/\/www.ckcraftandknit.com\/","logo":{"@type":"ImageObject","inLanguage":"en-US","@id":"https:\/\/www.ckcraftandknit.com\/#\/schema\/logo\/image\/","url":"https:\/\/www.ckcraftandknit.com\/wp-content\/uploads\/2023\/02\/cropped-3-1-e1678211144578.png","contentUrl":"https:\/\/www.ckcraftandknit.com\/wp-content\/uploads\/2023\/02\/cropped-3-1-e1678211144578.png","width":500,"height":138,"caption":"Ck Craftandknit"},"image":{"@id":"https:\/\/www.ckcraftandknit.com\/#\/schema\/logo\/image\/"}}]}},"_links":{"self":[{"href":"https:\/\/www.ckcraftandknit.com\/en\/wp-json\/wp\/v2\/product\/2450","targetHints":{"allow":["GET"]}}],"collection":[{"href":"https:\/\/www.ckcraftandknit.com\/en\/wp-json\/wp\/v2\/product"}],"about":[{"href":"https:\/\/www.ckcraftandknit.com\/en\/wp-json\/wp\/v2\/types\/product"}],"wp:featuredmedia":[{"embeddable":true,"href":"https:\/\/www.ckcraftandknit.com\/en\/wp-json\/wp\/v2\/media\/2457"}],"wp:attachment":[{"href":"https:\/\/www.ckcraftandknit.com\/en\/wp-json\/wp\/v2\/media?parent=2450"}],"wp:term":[{"taxonomy":"product_brand","embeddable":true,"href":"https:\/\/www.ckcraftandknit.com\/en\/wp-json\/wp\/v2\/product_brand?post=2450"},{"taxonomy":"product_cat","embeddable":true,"href":"https:\/\/www.ckcraftandknit.com\/en\/wp-json\/wp\/v2\/product_cat?post=2450"},{"taxonomy":"product_tag","embeddable":true,"href":"https:\/\/www.ckcraftandknit.com\/en\/wp-json\/wp\/v2\/product_tag?post=2450"}],"curies":[{"name":"wp","href":"https:\/\/api.w.org\/{rel}","templated":true}]}}