{"id":8,"date":"2023-02-01T16:45:39","date_gmt":"2023-02-01T16:45:39","guid":{"rendered":"http:\/\/www.ckcraftandknit.com\/butik\/"},"modified":"2023-03-22T17:38:06","modified_gmt":"2023-03-22T17:38:06","slug":"butik","status":"publish","type":"page","link":"https:\/\/www.ckcraftandknit.com\/en\/butik\/","title":{"rendered":"About us"},"content":{"rendered":"<div data-elementor-type=\"wp-page\" data-elementor-id=\"8\" class=\"elementor elementor-8\">\n\t\t\t\t\t\t<section class=\"elementor-section elementor-top-section elementor-element elementor-element-d0d7434 elementor-section-boxed elementor-section-height-default elementor-section-height-default\" data-id=\"d0d7434\" data-element_type=\"section\" data-e-type=\"section\">\n\t\t\t\t\t\t<div class=\"elementor-container elementor-column-gap-default\">\n\t\t\t\t\t<div class=\"elementor-column elementor-col-33 elementor-top-column elementor-element elementor-element-148eca4\" data-id=\"148eca4\" data-element_type=\"column\" data-e-type=\"column\">\n\t\t\t<div class=\"elementor-widget-wrap elementor-element-populated\">\n\t\t\t\t\t\t<div class=\"elementor-element elementor-element-b140f0d elementor-widget elementor-widget-text-editor\" data-id=\"b140f0d\" data-element_type=\"widget\" data-e-type=\"widget\" data-widget_type=\"text-editor.default\">\n\t\t\t\t<div class=\"elementor-widget-container\">\n\t\t\t\t\t\t\t\t\t<p><span style=\"font-family: 'arial black', 'avant garde'; font-size: 14pt;\"><strong>CK CraftandKnit and our history<\/strong><\/span><\/p><p><span dir=\"ltr\" style=\"font-size: 14px;\" role=\"presentation\">CK CraftandKnit is owned and run by Camilla Kuoppala in Jakobstad, on<\/span><span class=\"markedContent\" style=\"font-size: 14px;\"> <span dir=\"ltr\" role=\"presentation\">i<\/span><\/span><span dir=\"ltr\" style=\"font-size: 14px;\" role=\"presentation\">the west coast of Finland.<\/span><\/p><p><span id=\"page1R_mcid1\" class=\"markedContent\"><span dir=\"ltr\" role=\"presentation\">Camilla works daily as a physiotherapist with her own practice and since her main interests and hobbies are crafts<\/span><br role=\"presentation\" \/><span dir=\"ltr\" role=\"presentation\">and especially knitting she started to dream about her own shop. Her knitting hobby<\/span><br role=\"presentation\" \/><span dir=\"ltr\" role=\"presentation\">started as idle pleasure and a way to still restless hands and has now grown into a lifestyle<\/span><br role=\"presentation\" \/><span dir=\"ltr\" role=\"presentation\">filled with creativity.<\/span><\/span><span id=\"page1R_mcid2\" class=\"markedContent\"><br role=\"presentation\" \/><span dir=\"ltr\" role=\"presentation\">The world of knitting<\/span><span class=\"markedContent\"> <span dir=\"ltr\" role=\"presentation\">i<\/span><\/span><span dir=\"ltr\" role=\"presentation\">ncludes so many wonderful parts, such as beautiful yarns, great tools and notions<\/span><br role=\"presentation\" \/><span dir=\"ltr\" role=\"presentation\">and all the amazing knitters and crafters. Through her hobby Camilla has had the opportunity to meet<\/span><span dir=\"ltr\" role=\"presentation\">\u00a0lots of new people<\/span><br role=\"presentation\" \/><span dir=\"ltr\" role=\"presentation\">and friends throughout the whole country and world. The knitted garments<\/span><span class=\"markedContent\"> have<\/span><span dir=\"ltr\" role=\"presentation\">\u00a0increased in quantity<\/span><br role=\"presentation\" \/><span dir=\"ltr\" role=\"presentation\">and thoughts behind material choices has grown.<\/span><\/span><span id=\"page1R_mcid3\" class=\"markedContent\"><br role=\"presentation\" \/><span dir=\"ltr\" role=\"presentation\">All of this is what Camilla wants to share and therefore all products in her shop are handpicked<\/span><br role=\"presentation\" \/><span dir=\"ltr\" role=\"presentation\">and recommended by herself<\/span><\/span><span id=\"page1R_mcid4\" class=\"markedContent\"><br role=\"presentation\" \/><span dir=\"ltr\" role=\"presentation\">CK started out as a small home based brick and mortar store and is now evolving into a webshop.<\/span><br role=\"presentation\" \/><span dir=\"ltr\" role=\"presentation\">To be able to have your hobby as a job is what makes it all fun and exciting to work with and take it<\/span><br role=\"presentation\" \/><span dir=\"ltr\" role=\"presentation\">to the next level.<\/span><\/span><span id=\"page1R_mcid5\" class=\"markedContent\"><br role=\"presentation\" \/><span dir=\"ltr\" role=\"presentation\">Together we knit one stitch at a time!<\/span><\/span><\/p>\t\t\t\t\t\t\t\t<\/div>\n\t\t\t\t<\/div>\n\t\t\t\t\t<\/div>\n\t\t<\/div>\n\t\t\t\t<div class=\"elementor-column elementor-col-66 elementor-top-column elementor-element elementor-element-3e2ecfc\" data-id=\"3e2ecfc\" data-element_type=\"column\" data-e-type=\"column\">\n\t\t\t<div class=\"elementor-widget-wrap elementor-element-populated\">\n\t\t\t\t\t\t<div class=\"elementor-element elementor-element-2bf8557 elementor-widget elementor-widget-image\" data-id=\"2bf8557\" data-element_type=\"widget\" data-e-type=\"widget\" data-widget_type=\"image.default\">\n\t\t\t\t<div class=\"elementor-widget-container\">\n\t\t\t\t\t\t\t\t\t\t\t\t\t\t\t<img fetchpriority=\"high\" decoding=\"async\" width=\"768\" height=\"1024\" src=\"https:\/\/www.ckcraftandknit.com\/wp-content\/uploads\/2023\/02\/IMG_3702-768x1024.jpg\" class=\"attachment-large size-large wp-image-563\" alt=\"\" srcset=\"https:\/\/www.ckcraftandknit.com\/wp-content\/uploads\/2023\/02\/IMG_3702-768x1024.jpg 768w, https:\/\/www.ckcraftandknit.com\/wp-content\/uploads\/2023\/02\/IMG_3702-225x300.jpg 225w, https:\/\/www.ckcraftandknit.com\/wp-content\/uploads\/2023\/02\/IMG_3702-1152x1536.jpg 1152w, https:\/\/www.ckcraftandknit.com\/wp-content\/uploads\/2023\/02\/IMG_3702-1536x2048.jpg 1536w, https:\/\/www.ckcraftandknit.com\/wp-content\/uploads\/2023\/02\/IMG_3702-9x12.jpg 9w, https:\/\/www.ckcraftandknit.com\/wp-content\/uploads\/2023\/02\/IMG_3702-348x464.jpg 348w, https:\/\/www.ckcraftandknit.com\/wp-content\/uploads\/2023\/02\/IMG_3702-454x605.jpg 454w, https:\/\/www.ckcraftandknit.com\/wp-content\/uploads\/2023\/02\/IMG_3702-scaled.jpg 1920w\" sizes=\"(max-width: 768px) 100vw, 768px\" \/>\t\t\t\t\t\t\t\t\t\t\t\t\t\t\t<\/div>\n\t\t\t\t<\/div>\n\t\t\t\t\t<\/div>\n\t\t<\/div>\n\t\t\t\t\t<\/div>\n\t\t<\/section>\n\t\t\t\t<\/div>","protected":false},"excerpt":{"rendered":"<p>CK CraftandKnit och v\u00e5r historia CK CraftandKnit \u00e4gs och drivs av Camilla Kuoppala i Jakobstad p\u00e5 finska v\u00e4stkusten. Camilla jobbar som fysioterapeut med egen mottagning, men eftersom hennes st\u00f6rsta intressen \u00e4rhantverk och framf\u00f6r allt stickning, s\u00e5 har \u00f6nskan om en egen butik v\u00e4xt fram. Hennes intressehar g\u00e5tt fr\u00e5n att vara bara ett tidsf\u00f6rdriv och ett [&hellip;]<\/p>\n","protected":false},"author":1,"featured_media":0,"parent":0,"menu_order":0,"comment_status":"closed","ping_status":"closed","template":"","meta":{"ocean_post_layout":"","ocean_both_sidebars_style":"","ocean_both_sidebars_content_width":0,"ocean_both_sidebars_sidebars_width":0,"ocean_sidebar":"","ocean_second_sidebar":"","ocean_disable_margins":"enable","ocean_add_body_class":"","ocean_shortcode_before_top_bar":"","ocean_shortcode_after_top_bar":"","ocean_shortcode_before_header":"","ocean_shortcode_after_header":"","ocean_has_shortcode":"","ocean_shortcode_after_title":"","ocean_shortcode_before_footer_widgets":"","ocean_shortcode_after_footer_widgets":"","ocean_shortcode_before_footer_bottom":"","ocean_shortcode_after_footer_bottom":"","ocean_display_top_bar":"default","ocean_display_header":"default","ocean_header_style":"","ocean_center_header_left_menu":"","ocean_custom_header_template":"","ocean_custom_logo":0,"ocean_custom_retina_logo":0,"ocean_custom_logo_max_width":0,"ocean_custom_logo_tablet_max_width":0,"ocean_custom_logo_mobile_max_width":0,"ocean_custom_logo_max_height":0,"ocean_custom_logo_tablet_max_height":0,"ocean_custom_logo_mobile_max_height":0,"ocean_header_custom_menu":"","ocean_menu_typo_font_family":"","ocean_menu_typo_font_subset":"","ocean_menu_typo_font_size":0,"ocean_menu_typo_font_size_tablet":0,"ocean_menu_typo_font_size_mobile":0,"ocean_menu_typo_font_size_unit":"px","ocean_menu_typo_font_weight":"","ocean_menu_typo_font_weight_tablet":"","ocean_menu_typo_font_weight_mobile":"","ocean_menu_typo_transform":"","ocean_menu_typo_transform_tablet":"","ocean_menu_typo_transform_mobile":"","ocean_menu_typo_line_height":0,"ocean_menu_typo_line_height_tablet":0,"ocean_menu_typo_line_height_mobile":0,"ocean_menu_typo_line_height_unit":"","ocean_menu_typo_spacing":0,"ocean_menu_typo_spacing_tablet":0,"ocean_menu_typo_spacing_mobile":0,"ocean_menu_typo_spacing_unit":"","ocean_menu_link_color":"","ocean_menu_link_color_hover":"","ocean_menu_link_color_active":"","ocean_menu_link_background":"","ocean_menu_link_hover_background":"","ocean_menu_link_active_background":"","ocean_menu_social_links_bg":"","ocean_menu_social_hover_links_bg":"","ocean_menu_social_links_color":"","ocean_menu_social_hover_links_color":"","ocean_disable_title":"default","ocean_disable_heading":"default","ocean_post_title":"","ocean_post_subheading":"","ocean_post_title_style":"","ocean_post_title_background_color":"","ocean_post_title_background":0,"ocean_post_title_bg_image_position":"","ocean_post_title_bg_image_attachment":"","ocean_post_title_bg_image_repeat":"","ocean_post_title_bg_image_size":"","ocean_post_title_height":0,"ocean_post_title_bg_overlay":0.5,"ocean_post_title_bg_overlay_color":"","ocean_disable_breadcrumbs":"default","ocean_breadcrumbs_color":"","ocean_breadcrumbs_separator_color":"","ocean_breadcrumbs_links_color":"","ocean_breadcrumbs_links_hover_color":"","ocean_display_footer_widgets":"default","ocean_display_footer_bottom":"default","ocean_custom_footer_template":"","omw_enable_modal_window":"enable","footnotes":""},"class_list":["post-8","page","type-page","status-publish","hentry","entry","owp-thumbs-layout-horizontal","owp-btn-normal","owp-tabs-layout-horizontal","has-no-thumbnails","has-product-nav"],"yoast_head":"<!-- This site is optimized with the Yoast SEO plugin v27.5 - https:\/\/yoast.com\/product\/yoast-seo-wordpress\/ -->\n<title>Om oss - Ck Craftandknit<\/title>\n<meta name=\"robots\" content=\"index, follow, max-snippet:-1, max-image-preview:large, max-video-preview:-1\" \/>\n<link rel=\"canonical\" href=\"https:\/\/www.ckcraftandknit.com\/en\/butik\/\" \/>\n<meta property=\"og:locale\" content=\"en_US\" \/>\n<meta property=\"og:type\" content=\"article\" \/>\n<meta property=\"og:title\" content=\"Om oss - Ck Craftandknit\" \/>\n<meta property=\"og:description\" content=\"CK CraftandKnit och v\u00e5r historia CK CraftandKnit \u00e4gs och drivs av Camilla Kuoppala i Jakobstad p\u00e5 finska v\u00e4stkusten. Camilla jobbar som fysioterapeut med egen mottagning, men eftersom hennes st\u00f6rsta intressen \u00e4rhantverk och framf\u00f6r allt stickning, s\u00e5 har \u00f6nskan om en egen butik v\u00e4xt fram. Hennes intressehar g\u00e5tt fr\u00e5n att vara bara ett tidsf\u00f6rdriv och ett [&hellip;]\" \/>\n<meta property=\"og:url\" content=\"https:\/\/www.ckcraftandknit.com\/en\/butik\/\" \/>\n<meta property=\"og:site_name\" content=\"Ck Craftandknit\" \/>\n<meta property=\"article:modified_time\" content=\"2023-03-22T17:38:06+00:00\" \/>\n<meta property=\"og:image\" content=\"https:\/\/www.ckcraftandknit.com\/wp-content\/uploads\/2023\/02\/IMG_3702-768x1024.jpg\" \/>\n<meta name=\"twitter:card\" content=\"summary_large_image\" \/>\n<meta name=\"twitter:label1\" content=\"Est. reading time\" \/>\n\t<meta name=\"twitter:data1\" content=\"1 minute\" \/>\n<script type=\"application\/ld+json\" class=\"yoast-schema-graph\">{\"@context\":\"https:\\\/\\\/schema.org\",\"@graph\":[{\"@type\":\"WebPage\",\"@id\":\"https:\\\/\\\/www.ckcraftandknit.com\\\/butik\\\/\",\"url\":\"https:\\\/\\\/www.ckcraftandknit.com\\\/butik\\\/\",\"name\":\"Om oss - Ck Craftandknit\",\"isPartOf\":{\"@id\":\"https:\\\/\\\/www.ckcraftandknit.com\\\/#website\"},\"primaryImageOfPage\":{\"@id\":\"https:\\\/\\\/www.ckcraftandknit.com\\\/butik\\\/#primaryimage\"},\"image\":{\"@id\":\"https:\\\/\\\/www.ckcraftandknit.com\\\/butik\\\/#primaryimage\"},\"thumbnailUrl\":\"https:\\\/\\\/www.ckcraftandknit.com\\\/wp-content\\\/uploads\\\/2023\\\/02\\\/IMG_3702-768x1024.jpg\",\"datePublished\":\"2023-02-01T16:45:39+00:00\",\"dateModified\":\"2023-03-22T17:38:06+00:00\",\"breadcrumb\":{\"@id\":\"https:\\\/\\\/www.ckcraftandknit.com\\\/butik\\\/#breadcrumb\"},\"inLanguage\":\"en-US\",\"potentialAction\":[{\"@type\":\"ReadAction\",\"target\":[\"https:\\\/\\\/www.ckcraftandknit.com\\\/butik\\\/\"]}]},{\"@type\":\"ImageObject\",\"inLanguage\":\"en-US\",\"@id\":\"https:\\\/\\\/www.ckcraftandknit.com\\\/butik\\\/#primaryimage\",\"url\":\"https:\\\/\\\/www.ckcraftandknit.com\\\/wp-content\\\/uploads\\\/2023\\\/02\\\/IMG_3702-768x1024.jpg\",\"contentUrl\":\"https:\\\/\\\/www.ckcraftandknit.com\\\/wp-content\\\/uploads\\\/2023\\\/02\\\/IMG_3702-768x1024.jpg\"},{\"@type\":\"BreadcrumbList\",\"@id\":\"https:\\\/\\\/www.ckcraftandknit.com\\\/butik\\\/#breadcrumb\",\"itemListElement\":[{\"@type\":\"ListItem\",\"position\":1,\"name\":\"Hem\",\"item\":\"https:\\\/\\\/www.ckcraftandknit.com\\\/fi\\\/\"},{\"@type\":\"ListItem\",\"position\":2,\"name\":\"Om oss\"}]},{\"@type\":\"WebSite\",\"@id\":\"https:\\\/\\\/www.ckcraftandknit.com\\\/#website\",\"url\":\"https:\\\/\\\/www.ckcraftandknit.com\\\/\",\"name\":\"Ck Craftandknit\",\"description\":\"Ck Craftandknit\",\"publisher\":{\"@id\":\"https:\\\/\\\/www.ckcraftandknit.com\\\/#organization\"},\"potentialAction\":[{\"@type\":\"SearchAction\",\"target\":{\"@type\":\"EntryPoint\",\"urlTemplate\":\"https:\\\/\\\/www.ckcraftandknit.com\\\/?s={search_term_string}\"},\"query-input\":{\"@type\":\"PropertyValueSpecification\",\"valueRequired\":true,\"valueName\":\"search_term_string\"}}],\"inLanguage\":\"en-US\"},{\"@type\":\"Organization\",\"@id\":\"https:\\\/\\\/www.ckcraftandknit.com\\\/#organization\",\"name\":\"Ck Craftandknit\",\"url\":\"https:\\\/\\\/www.ckcraftandknit.com\\\/\",\"logo\":{\"@type\":\"ImageObject\",\"inLanguage\":\"en-US\",\"@id\":\"https:\\\/\\\/www.ckcraftandknit.com\\\/#\\\/schema\\\/logo\\\/image\\\/\",\"url\":\"https:\\\/\\\/www.ckcraftandknit.com\\\/wp-content\\\/uploads\\\/2023\\\/02\\\/cropped-3-1-e1678211144578.png\",\"contentUrl\":\"https:\\\/\\\/www.ckcraftandknit.com\\\/wp-content\\\/uploads\\\/2023\\\/02\\\/cropped-3-1-e1678211144578.png\",\"width\":500,\"height\":138,\"caption\":\"Ck Craftandknit\"},\"image\":{\"@id\":\"https:\\\/\\\/www.ckcraftandknit.com\\\/#\\\/schema\\\/logo\\\/image\\\/\"}}]}<\/script>\n<!-- \/ Yoast SEO plugin. -->","yoast_head_json":{"title":"Om oss - Ck Craftandknit","robots":{"index":"index","follow":"follow","max-snippet":"max-snippet:-1","max-image-preview":"max-image-preview:large","max-video-preview":"max-video-preview:-1"},"canonical":"https:\/\/www.ckcraftandknit.com\/en\/butik\/","og_locale":"en_US","og_type":"article","og_title":"Om oss - Ck Craftandknit","og_description":"CK CraftandKnit och v\u00e5r historia CK CraftandKnit \u00e4gs och drivs av Camilla Kuoppala i Jakobstad p\u00e5 finska v\u00e4stkusten. Camilla jobbar som fysioterapeut med egen mottagning, men eftersom hennes st\u00f6rsta intressen \u00e4rhantverk och framf\u00f6r allt stickning, s\u00e5 har \u00f6nskan om en egen butik v\u00e4xt fram. Hennes intressehar g\u00e5tt fr\u00e5n att vara bara ett tidsf\u00f6rdriv och ett [&hellip;]","og_url":"https:\/\/www.ckcraftandknit.com\/en\/butik\/","og_site_name":"Ck Craftandknit","article_modified_time":"2023-03-22T17:38:06+00:00","og_image":[{"url":"https:\/\/www.ckcraftandknit.com\/wp-content\/uploads\/2023\/02\/IMG_3702-768x1024.jpg","type":"","width":"","height":""}],"twitter_card":"summary_large_image","twitter_misc":{"Est. reading time":"1 minute"},"schema":{"@context":"https:\/\/schema.org","@graph":[{"@type":"WebPage","@id":"https:\/\/www.ckcraftandknit.com\/butik\/","url":"https:\/\/www.ckcraftandknit.com\/butik\/","name":"Om oss - Ck Craftandknit","isPartOf":{"@id":"https:\/\/www.ckcraftandknit.com\/#website"},"primaryImageOfPage":{"@id":"https:\/\/www.ckcraftandknit.com\/butik\/#primaryimage"},"image":{"@id":"https:\/\/www.ckcraftandknit.com\/butik\/#primaryimage"},"thumbnailUrl":"https:\/\/www.ckcraftandknit.com\/wp-content\/uploads\/2023\/02\/IMG_3702-768x1024.jpg","datePublished":"2023-02-01T16:45:39+00:00","dateModified":"2023-03-22T17:38:06+00:00","breadcrumb":{"@id":"https:\/\/www.ckcraftandknit.com\/butik\/#breadcrumb"},"inLanguage":"en-US","potentialAction":[{"@type":"ReadAction","target":["https:\/\/www.ckcraftandknit.com\/butik\/"]}]},{"@type":"ImageObject","inLanguage":"en-US","@id":"https:\/\/www.ckcraftandknit.com\/butik\/#primaryimage","url":"https:\/\/www.ckcraftandknit.com\/wp-content\/uploads\/2023\/02\/IMG_3702-768x1024.jpg","contentUrl":"https:\/\/www.ckcraftandknit.com\/wp-content\/uploads\/2023\/02\/IMG_3702-768x1024.jpg"},{"@type":"BreadcrumbList","@id":"https:\/\/www.ckcraftandknit.com\/butik\/#breadcrumb","itemListElement":[{"@type":"ListItem","position":1,"name":"Hem","item":"https:\/\/www.ckcraftandknit.com\/fi\/"},{"@type":"ListItem","position":2,"name":"Om oss"}]},{"@type":"WebSite","@id":"https:\/\/www.ckcraftandknit.com\/#website","url":"https:\/\/www.ckcraftandknit.com\/","name":"Ck Craftandknit","description":"Ck Craftandknit","publisher":{"@id":"https:\/\/www.ckcraftandknit.com\/#organization"},"potentialAction":[{"@type":"SearchAction","target":{"@type":"EntryPoint","urlTemplate":"https:\/\/www.ckcraftandknit.com\/?s={search_term_string}"},"query-input":{"@type":"PropertyValueSpecification","valueRequired":true,"valueName":"search_term_string"}}],"inLanguage":"en-US"},{"@type":"Organization","@id":"https:\/\/www.ckcraftandknit.com\/#organization","name":"Ck Craftandknit","url":"https:\/\/www.ckcraftandknit.com\/","logo":{"@type":"ImageObject","inLanguage":"en-US","@id":"https:\/\/www.ckcraftandknit.com\/#\/schema\/logo\/image\/","url":"https:\/\/www.ckcraftandknit.com\/wp-content\/uploads\/2023\/02\/cropped-3-1-e1678211144578.png","contentUrl":"https:\/\/www.ckcraftandknit.com\/wp-content\/uploads\/2023\/02\/cropped-3-1-e1678211144578.png","width":500,"height":138,"caption":"Ck Craftandknit"},"image":{"@id":"https:\/\/www.ckcraftandknit.com\/#\/schema\/logo\/image\/"}}]}},"_links":{"self":[{"href":"https:\/\/www.ckcraftandknit.com\/en\/wp-json\/wp\/v2\/pages\/8","targetHints":{"allow":["GET"]}}],"collection":[{"href":"https:\/\/www.ckcraftandknit.com\/en\/wp-json\/wp\/v2\/pages"}],"about":[{"href":"https:\/\/www.ckcraftandknit.com\/en\/wp-json\/wp\/v2\/types\/page"}],"author":[{"embeddable":true,"href":"https:\/\/www.ckcraftandknit.com\/en\/wp-json\/wp\/v2\/users\/1"}],"replies":[{"embeddable":true,"href":"https:\/\/www.ckcraftandknit.com\/en\/wp-json\/wp\/v2\/comments?post=8"}],"version-history":[{"count":37,"href":"https:\/\/www.ckcraftandknit.com\/en\/wp-json\/wp\/v2\/pages\/8\/revisions"}],"predecessor-version":[{"id":841,"href":"https:\/\/www.ckcraftandknit.com\/en\/wp-json\/wp\/v2\/pages\/8\/revisions\/841"}],"wp:attachment":[{"href":"https:\/\/www.ckcraftandknit.com\/en\/wp-json\/wp\/v2\/media?parent=8"}],"curies":[{"name":"wp","href":"https:\/\/api.w.org\/{rel}","templated":true}]}}